{"id":151,"date":"2023-11-03T12:33:45","date_gmt":"2023-11-03T11:33:45","guid":{"rendered":"https:\/\/beta.doscuadrados.es\/?page_id=151"},"modified":"2023-11-03T12:34:53","modified_gmt":"2023-11-03T11:34:53","slug":"quienes-somos","status":"publish","type":"page","link":"https:\/\/beta.doscuadrados.es\/index.php\/quienes-somos\/","title":{"rendered":"\u00bfQui\u00e9nes somos?"},"content":{"rendered":"\n<p>Dos cuadrados es una editorial comunista sin \u00e1nimo de lucro que busca, en primer t\u00e9rmino, recuperar literatura comunista relevante:<\/p>\n\n\n\n<ol class=\"wp-block-list\">\n<li>Sobre los procesos revolucionarios de nuestra clase del siglo XIX, XX y XXI (historia)<\/li>\n\n\n\n<li>La comprensi\u00f3n del funcionamiento y an\u00e1lisis del capitalismo (cr\u00edtica de la econom\u00eda pol\u00edtica)<\/li>\n\n\n\n<li>La representaci\u00f3n de las relaciones entre los planos l\u00f3gico e hist\u00f3rico para una aprehensi\u00f3n real de las relaciones sociales que nos constituyen y dominan (materialismo hist\u00f3rico y dial\u00e9ctico), que permitan rearmar ideol\u00f3gicamente al proletariado y levantar de nuevo su bandera roja.<\/li>\n<\/ol>\n\n\n\n<p>Como en el cuento para ni\u00f1os de Lissitzky en el que un cuadrado negro y un cuadrado rojo se proponen cambiar el mundo, la editorial decide trabajar buscando generar un inter\u00e9s renovado en el comunismo que ayude a la difusi\u00f3n y preparaci\u00f3n de las fuerzas intelectuales del proletariado para que este tenga el mejor acceso posible a su historia viva y luchas emancipatorias.<\/p>\n","protected":false},"excerpt":{"rendered":"<p>Dos cuadrados es una editorial comunista sin \u00e1nimo de lucro que busca, en primer t\u00e9rmino, recuperar literatura comunista relevante: Como en el cuento para ni\u00f1os de Lissitzky en el que un cuadrado negro y un cuadrado rojo se proponen cambiar el mundo, la editorial decide trabajar buscando generar un inter\u00e9s renovado en el comunismo que [&hellip;]<\/p>\n","protected":false},"author":1,"featured_media":0,"parent":0,"menu_order":0,"comment_status":"closed","ping_status":"closed","template":"","meta":{"footnotes":""},"class_list":["post-151","page","type-page","status-publish","hentry"],"_links":{"self":[{"href":"https:\/\/beta.doscuadrados.es\/index.php\/wp-json\/wp\/v2\/pages\/151","targetHints":{"allow":["GET"]}}],"collection":[{"href":"https:\/\/beta.doscuadrados.es\/index.php\/wp-json\/wp\/v2\/pages"}],"about":[{"href":"https:\/\/beta.doscuadrados.es\/index.php\/wp-json\/wp\/v2\/types\/page"}],"author":[{"embeddable":true,"href":"https:\/\/beta.doscuadrados.es\/index.php\/wp-json\/wp\/v2\/users\/1"}],"replies":[{"embeddable":true,"href":"https:\/\/beta.doscuadrados.es\/index.php\/wp-json\/wp\/v2\/comments?post=151"}],"version-history":[{"count":2,"href":"https:\/\/beta.doscuadrados.es\/index.php\/wp-json\/wp\/v2\/pages\/151\/revisions"}],"predecessor-version":[{"id":155,"href":"https:\/\/beta.doscuadrados.es\/index.php\/wp-json\/wp\/v2\/pages\/151\/revisions\/155"}],"wp:attachment":[{"href":"https:\/\/beta.doscuadrados.es\/index.php\/wp-json\/wp\/v2\/media?parent=151"}],"curies":[{"name":"wp","href":"https:\/\/api.w.org\/{rel}","templated":true}]}}