{"id":101,"date":"2023-11-03T11:41:14","date_gmt":"2023-11-03T10:41:14","guid":{"rendered":"https:\/\/beta.doscuadrados.es\/?post_type=product&#038;p=101"},"modified":"2023-11-03T13:34:03","modified_gmt":"2023-11-03T12:34:03","slug":"bertell-ollman-la-danza-de-la-dialectica","status":"publish","type":"product","link":"https:\/\/beta.doscuadrados.es\/index.php\/product\/bertell-ollman-la-danza-de-la-dialectica\/","title":{"rendered":"Bertell Ollman &#8211; La danza de la dial\u00e9ctica"},"content":{"rendered":"<p><a href=\"http:\/\/beta.doscuadrados.es\/wp-content\/uploads\/2023\/11\/La-danza-de-la-dial\u251c\u0439ctica-Bertell-Ollman-Versi\u251c\u2502n-Digital.pdf\">DESCARGA<\/a><\/p>\n<p>En La danza de la dial\u00e9ctica, el fil\u00f3sofo marxista Bertell Ollman nos ofrece un estudio sistem\u00e1tico, a trav\u00e9s de un conjunto de art\u00edculos, de la cuesti\u00f3n de la dial\u00e9ctica. Ollman busca un acercamiento accesible, inteligible, y su forma directa (e incluso divertida) de escribir nos permite aprehender las ideas del libro de una forma muy agradable. Esto no quita que su estudio sea sistem\u00e1tico y est\u00e9 muy bien fundamentado con referencias.<\/p>\n<p>Ollman hablar\u00e1 de la teor\u00eda de las Relaciones Internas como base de la concepci\u00f3n dial\u00e9ctica de la realidad: contra un acercamiento aislado y fracturado, Ollman buscar\u00e1 un enfoque integrador en el que prioriza estudiar las relaciones de lucha y contradicci\u00f3n dentro de las totalidades sociales. En toda su obra busca ser fiel a la tradici\u00f3n marxista pero carg\u00e1ndola de ejemplos, reflexiones y desarrollos propios: algunos son m\u00e1s acertados que otros -y queremos dejar a quienes lean este libro este trabajo de reflexi\u00f3n-, pero no cabe duda de que est\u00e1n bien fundamentados y construidos.<\/p>\n<p>En el blog personal de Ollman podemos encontrar art\u00edculos que van desde la filosof\u00eda del baloncesto hasta la concepci\u00f3n de las clases sociales en Marx. Tambi\u00e9n fue creador del juego de mesa Class Struggle, en el que un bando representa a la burgues\u00eda, y vence cuando llega a la barbarie; y otro bando representa al proletariado, venciendo cuando logra llegar al socialismo.<\/p>\n","protected":false},"excerpt":{"rendered":"<p><a href=\"http:\/\/beta.doscuadrados.es\/wp-content\/uploads\/2023\/11\/La-danza-de-la-dial\u251c\u0439ctica-Bertell-Ollman-Versi\u251c\u2502n-Digital.pdf\">DESCARGA<\/a><\/p>\n<p>En La danza de la dial\u00e9ctica, el fil\u00f3sofo marxista Bertell Ollman nos ofrece un estudio sistem\u00e1tico, a trav\u00e9s de un conjunto de art\u00edculos, de la cuesti\u00f3n de la dial\u00e9ctica. Ollman busca un acercamiento accesible, inteligible, y su forma directa (e incluso divertida) de escribir nos permite aprehender las ideas del libro de una forma muy agradable. Esto no quita que su estudio sea sistem\u00e1tico y est\u00e9 muy bien fundamentado con referencias.<\/p>\n<p>Ollman hablar\u00e1 de la teor\u00eda de las Relaciones Internas como base de la concepci\u00f3n dial\u00e9ctica de la realidad: contra un acercamiento aislado y fracturado, Ollman buscar\u00e1 un enfoque integrador en el que prioriza estudiar las relaciones de lucha y contradicci\u00f3n dentro de las totalidades sociales. En toda su obra busca ser fiel a la tradici\u00f3n marxista pero carg\u00e1ndola de ejemplos, reflexiones y desarrollos propios: algunos son m\u00e1s acertados que otros -y queremos dejar a quienes lean este libro este trabajo de reflexi\u00f3n-, pero no cabe duda de que est\u00e1n bien fundamentados y construidos.<\/p>\n<p>En el blog personal de Ollman podemos encontrar art\u00edculos que van desde la filosof\u00eda del baloncesto hasta la concepci\u00f3n de las clases sociales en Marx. Tambi\u00e9n fue creador del juego de mesa Class Struggle, en el que un bando representa a la burgues\u00eda, y vence cuando llega a la barbarie; y otro bando representa al proletariado, venciendo cuando logra llegar al socialismo.<\/p>\n","protected":false},"featured_media":42,"template":"","meta":[],"product_brand":[],"product_cat":[19],"product_tag":[],"class_list":{"0":"post-101","1":"product","2":"type-product","3":"status-publish","4":"has-post-thumbnail","6":"product_cat-doscuadrados","8":"first","9":"instock","10":"downloadable","11":"virtual","12":"purchasable","13":"product-type-simple"},"_links":{"self":[{"href":"https:\/\/beta.doscuadrados.es\/index.php\/wp-json\/wp\/v2\/product\/101","targetHints":{"allow":["GET"]}}],"collection":[{"href":"https:\/\/beta.doscuadrados.es\/index.php\/wp-json\/wp\/v2\/product"}],"about":[{"href":"https:\/\/beta.doscuadrados.es\/index.php\/wp-json\/wp\/v2\/types\/product"}],"wp:featuredmedia":[{"embeddable":true,"href":"https:\/\/beta.doscuadrados.es\/index.php\/wp-json\/wp\/v2\/media\/42"}],"wp:attachment":[{"href":"https:\/\/beta.doscuadrados.es\/index.php\/wp-json\/wp\/v2\/media?parent=101"}],"wp:term":[{"taxonomy":"product_brand","embeddable":true,"href":"https:\/\/beta.doscuadrados.es\/index.php\/wp-json\/wp\/v2\/product_brand?post=101"},{"taxonomy":"product_cat","embeddable":true,"href":"https:\/\/beta.doscuadrados.es\/index.php\/wp-json\/wp\/v2\/product_cat?post=101"},{"taxonomy":"product_tag","embeddable":true,"href":"https:\/\/beta.doscuadrados.es\/index.php\/wp-json\/wp\/v2\/product_tag?post=101"}],"curies":[{"name":"wp","href":"https:\/\/api.w.org\/{rel}","templated":true}]}}