{"id":103,"date":"2023-11-03T11:48:47","date_gmt":"2023-11-03T10:48:47","guid":{"rendered":"https:\/\/beta.doscuadrados.es\/?post_type=product&#038;p=103"},"modified":"2023-11-03T13:31:34","modified_gmt":"2023-11-03T12:31:34","slug":"pci-maoista-curso-basico-de-marxismo-leninismo-maoismo","status":"publish","type":"product","link":"https:\/\/beta.doscuadrados.es\/index.php\/product\/pci-maoista-curso-basico-de-marxismo-leninismo-maoismo\/","title":{"rendered":"PCI (mao\u00edsta) &#8211; Curso B\u00e1sico de marxismo-leninismo-mao\u00edsmo"},"content":{"rendered":"<p><a href=\"http:\/\/beta.doscuadrados.es\/wp-content\/uploads\/2023\/11\/S01-ES-MLM-Basic-Course-Spanish-2nd-Printing.pdf\">DESCARGA<\/a><\/p>\n<p>Este documento est\u00e1 escrito por el Partido Comunista de la India (Mao\u00edsta) y se utiliza como gu\u00eda de estudio para sus cuadros. Es un resumen y esquema ejemplar del marxismo-leninismo-mao\u00edsmo y la historia del Movimiento Comunista Internacional.<\/p>\n","protected":false},"excerpt":{"rendered":"<p><a href=\"http:\/\/beta.doscuadrados.es\/wp-content\/uploads\/2023\/11\/S01-ES-MLM-Basic-Course-Spanish-2nd-Printing.pdf\">DESCARGA<\/a><\/p>\n<p>Este documento est\u00e1 escrito por el Partido Comunista de la India (Mao\u00edsta) y se utiliza como gu\u00eda de estudio para sus cuadros. Es un resumen y esquema ejemplar del marxismo-leninismo-mao\u00edsmo y la historia del Movimiento Comunista Internacional.<\/p>\n","protected":false},"featured_media":113,"template":"","meta":[],"product_brand":[],"product_cat":[20,21],"product_tag":[],"class_list":{"0":"post-103","1":"product","2":"type-product","3":"status-publish","4":"has-post-thumbnail","6":"product_cat-colaboraciones","7":"product_cat-edlenguasextranjeras","9":"first","10":"instock","11":"downloadable","12":"virtual","13":"purchasable","14":"product-type-simple"},"_links":{"self":[{"href":"https:\/\/beta.doscuadrados.es\/index.php\/wp-json\/wp\/v2\/product\/103","targetHints":{"allow":["GET"]}}],"collection":[{"href":"https:\/\/beta.doscuadrados.es\/index.php\/wp-json\/wp\/v2\/product"}],"about":[{"href":"https:\/\/beta.doscuadrados.es\/index.php\/wp-json\/wp\/v2\/types\/product"}],"wp:featuredmedia":[{"embeddable":true,"href":"https:\/\/beta.doscuadrados.es\/index.php\/wp-json\/wp\/v2\/media\/113"}],"wp:attachment":[{"href":"https:\/\/beta.doscuadrados.es\/index.php\/wp-json\/wp\/v2\/media?parent=103"}],"wp:term":[{"taxonomy":"product_brand","embeddable":true,"href":"https:\/\/beta.doscuadrados.es\/index.php\/wp-json\/wp\/v2\/product_brand?post=103"},{"taxonomy":"product_cat","embeddable":true,"href":"https:\/\/beta.doscuadrados.es\/index.php\/wp-json\/wp\/v2\/product_cat?post=103"},{"taxonomy":"product_tag","embeddable":true,"href":"https:\/\/beta.doscuadrados.es\/index.php\/wp-json\/wp\/v2\/product_tag?post=103"}],"curies":[{"name":"wp","href":"https:\/\/api.w.org\/{rel}","templated":true}]}}