{"id":11,"date":"2023-11-03T10:39:05","date_gmt":"2023-11-03T09:39:05","guid":{"rendered":"https:\/\/beta.doscuadrados.es\/?post_type=product&#038;p=11"},"modified":"2023-11-03T13:57:15","modified_gmt":"2023-11-03T12:57:15","slug":"claudie-broyelle-la-mitad-del-cielo","status":"publish","type":"product","link":"https:\/\/beta.doscuadrados.es\/index.php\/product\/claudie-broyelle-la-mitad-del-cielo\/","title":{"rendered":"Claudie Broyelle &#8211; La mitad del cielo"},"content":{"rendered":"<p><a href=\"http:\/\/beta.doscuadrados.es\/wp-content\/uploads\/2023\/11\/Broyelle-Claude-La-mitad-del-cielo-Versi\u251c\u2502n-digital.pdf\">DESCARGA<\/a><\/p>\n<p>Este libro es la demostraci\u00f3n de c\u00f3mo las mujeres proletarias, chinas principalmente, organizadas colectivamente en la revoluci\u00f3n, pueden asaltar el cielo. El libro se organiza en torno a cinco formas particulares bajo las cuales las mujeres son oprimidas en el capitalismo: trabajo social, trabajo dom\u00e9stico, maternidad y sexualidad.<\/p>\n<p>Pese a la deriva pol\u00edtica posterior de la autora, que termin\u00f3 defendiendo posiciones puramente anticomunistas, creemos que este testimonio es realmente valioso y revelador de c\u00f3mo el comunismo, como movimiento, ofrece soluci\u00f3n a la \u00abdoble opresi\u00f3n\u00bb que sufren las mujeres.<\/p>\n","protected":false},"excerpt":{"rendered":"<p><a href=\"http:\/\/beta.doscuadrados.es\/wp-content\/uploads\/2023\/11\/Broyelle-Claude-La-mitad-del-cielo-Versi\u251c\u2502n-digital.pdf\">DESCARGA<\/a><\/p>\n<p>Este libro es la demostraci\u00f3n de c\u00f3mo las mujeres proletarias, chinas principalmente, organizadas colectivamente en la revoluci\u00f3n, pueden asaltar el cielo. El libro se organiza en torno a cinco formas particulares bajo las cuales las mujeres son oprimidas en el capitalismo: trabajo social, trabajo dom\u00e9stico, maternidad y sexualidad.<\/p>\n<p>Pese a la deriva pol\u00edtica posterior de la autora, que termin\u00f3 defendiendo posiciones puramente anticomunistas, creemos que este testimonio es realmente valioso y revelador de c\u00f3mo el comunismo, como movimiento, ofrece soluci\u00f3n a la \u00abdoble opresi\u00f3n\u00bb que sufren las mujeres.<\/p>\n","protected":false},"featured_media":40,"template":"","meta":[],"product_brand":[],"product_cat":[19],"product_tag":[],"class_list":{"0":"post-11","1":"product","2":"type-product","3":"status-publish","4":"has-post-thumbnail","6":"product_cat-doscuadrados","8":"first","9":"instock","10":"downloadable","11":"virtual","12":"purchasable","13":"product-type-simple"},"_links":{"self":[{"href":"https:\/\/beta.doscuadrados.es\/index.php\/wp-json\/wp\/v2\/product\/11","targetHints":{"allow":["GET"]}}],"collection":[{"href":"https:\/\/beta.doscuadrados.es\/index.php\/wp-json\/wp\/v2\/product"}],"about":[{"href":"https:\/\/beta.doscuadrados.es\/index.php\/wp-json\/wp\/v2\/types\/product"}],"wp:featuredmedia":[{"embeddable":true,"href":"https:\/\/beta.doscuadrados.es\/index.php\/wp-json\/wp\/v2\/media\/40"}],"wp:attachment":[{"href":"https:\/\/beta.doscuadrados.es\/index.php\/wp-json\/wp\/v2\/media?parent=11"}],"wp:term":[{"taxonomy":"product_brand","embeddable":true,"href":"https:\/\/beta.doscuadrados.es\/index.php\/wp-json\/wp\/v2\/product_brand?post=11"},{"taxonomy":"product_cat","embeddable":true,"href":"https:\/\/beta.doscuadrados.es\/index.php\/wp-json\/wp\/v2\/product_cat?post=11"},{"taxonomy":"product_tag","embeddable":true,"href":"https:\/\/beta.doscuadrados.es\/index.php\/wp-json\/wp\/v2\/product_tag?post=11"}],"curies":[{"name":"wp","href":"https:\/\/api.w.org\/{rel}","templated":true}]}}