{"id":126,"date":"2023-11-03T11:52:01","date_gmt":"2023-11-03T10:52:01","guid":{"rendered":"https:\/\/beta.doscuadrados.es\/?post_type=product&#038;p=126"},"modified":"2023-11-03T13:27:06","modified_gmt":"2023-11-03T12:27:06","slug":"jose-maria-sison-caracteristicas-especificas-de-nuestra-guerra-popular-filipinas","status":"publish","type":"product","link":"https:\/\/beta.doscuadrados.es\/index.php\/product\/jose-maria-sison-caracteristicas-especificas-de-nuestra-guerra-popular-filipinas\/","title":{"rendered":"Jos\u00e9 Mar\u00eda Sison &#8211; Caracter\u00edsticas espec\u00edficas de nuestra guerra popular (Filipinas)"},"content":{"rendered":"<p><a href=\"http:\/\/beta.doscuadrados.es\/wp-content\/uploads\/2023\/11\/S10-ES-Caracteristicas-Especificas-de-nuestra-Guerra-Popular-Spanish-1st-Printing.pdf\">DESCARGA<\/a><\/p>\n<p>Publicado cinco a\u00f1os despu\u00e9s de su iniciaci\u00f3n, este ensayo resume los retos que el Partido Comunista de Filipinas encontr\u00f3 en su avance de la guerra popular debido a la naturaleza isle\u00f1a del pa\u00eds adem\u00e1s de c\u00f3mo se comprendieron y aplicaron creativamente las lecciones ense\u00f1adas por el mao\u00edsmo. Desde 1979, este ensayo ha sido integrado en el estudio del libro \u00abSociedad Filipina y Revoluci\u00f3n\u00bb.<\/p>\n","protected":false},"excerpt":{"rendered":"<p><a href=\"http:\/\/beta.doscuadrados.es\/wp-content\/uploads\/2023\/11\/S10-ES-Caracteristicas-Especificas-de-nuestra-Guerra-Popular-Spanish-1st-Printing.pdf\">DESCARGA<\/a><\/p>\n<p>Publicado cinco a\u00f1os despu\u00e9s de su iniciaci\u00f3n, este ensayo resume los retos que el Partido Comunista de Filipinas encontr\u00f3 en su avance de la guerra popular debido a la naturaleza isle\u00f1a del pa\u00eds adem\u00e1s de c\u00f3mo se comprendieron y aplicaron creativamente las lecciones ense\u00f1adas por el mao\u00edsmo. Desde 1979, este ensayo ha sido integrado en el estudio del libro \u00abSociedad Filipina y Revoluci\u00f3n\u00bb.<\/p>\n","protected":false},"featured_media":117,"template":"","meta":[],"product_brand":[],"product_cat":[20,21],"product_tag":[],"class_list":{"0":"post-126","1":"product","2":"type-product","3":"status-publish","4":"has-post-thumbnail","6":"product_cat-colaboraciones","7":"product_cat-edlenguasextranjeras","9":"first","10":"instock","11":"downloadable","12":"virtual","13":"purchasable","14":"product-type-simple"},"_links":{"self":[{"href":"https:\/\/beta.doscuadrados.es\/index.php\/wp-json\/wp\/v2\/product\/126","targetHints":{"allow":["GET"]}}],"collection":[{"href":"https:\/\/beta.doscuadrados.es\/index.php\/wp-json\/wp\/v2\/product"}],"about":[{"href":"https:\/\/beta.doscuadrados.es\/index.php\/wp-json\/wp\/v2\/types\/product"}],"wp:featuredmedia":[{"embeddable":true,"href":"https:\/\/beta.doscuadrados.es\/index.php\/wp-json\/wp\/v2\/media\/117"}],"wp:attachment":[{"href":"https:\/\/beta.doscuadrados.es\/index.php\/wp-json\/wp\/v2\/media?parent=126"}],"wp:term":[{"taxonomy":"product_brand","embeddable":true,"href":"https:\/\/beta.doscuadrados.es\/index.php\/wp-json\/wp\/v2\/product_brand?post=126"},{"taxonomy":"product_cat","embeddable":true,"href":"https:\/\/beta.doscuadrados.es\/index.php\/wp-json\/wp\/v2\/product_cat?post=126"},{"taxonomy":"product_tag","embeddable":true,"href":"https:\/\/beta.doscuadrados.es\/index.php\/wp-json\/wp\/v2\/product_tag?post=126"}],"curies":[{"name":"wp","href":"https:\/\/api.w.org\/{rel}","templated":true}]}}