{"id":129,"date":"2023-11-03T11:56:05","date_gmt":"2023-11-03T10:56:05","guid":{"rendered":"https:\/\/beta.doscuadrados.es\/?post_type=product&#038;p=129"},"modified":"2023-11-03T13:24:41","modified_gmt":"2023-11-03T12:24:41","slug":"pci-maoista-perspectiva-urbana","status":"publish","type":"product","link":"https:\/\/beta.doscuadrados.es\/index.php\/product\/pci-maoista-perspectiva-urbana\/","title":{"rendered":"PCI (mao\u00edsta) &#8211; Perspectiva urbana"},"content":{"rendered":"<p><a href=\"http:\/\/beta.doscuadrados.es\/wp-content\/uploads\/2023\/11\/S14-ES-Urban-Perspective-Spanish-1st-Printing.pdf\">DESCARGA<\/a><\/p>\n<p>Perspectiva Urbana es un documento escrito en la \u00e9poca del congreso de unidad del Partido Comunista de la India (Maoista). Identifica, analiza y propone soluciones al constante problema de la debilidad de los naxalitas en la India: como construir el movimiento revolucionario en las ciudades, lejos de sus zonas liberadas y sus bastiones en el campo. En este documento, los camaradas indios analizan sistem\u00e1ticamente el trabajo que necesitan realizar en cada sector, la estrategia, t\u00e1ctica y metodolog\u00eda, y como poner su teor\u00eda en pr\u00e1ctica.<\/p>\n","protected":false},"excerpt":{"rendered":"<p><a href=\"http:\/\/beta.doscuadrados.es\/wp-content\/uploads\/2023\/11\/S14-ES-Urban-Perspective-Spanish-1st-Printing.pdf\">DESCARGA<\/a><\/p>\n<p>Perspectiva Urbana es un documento escrito en la \u00e9poca del congreso de unidad del Partido Comunista de la India (Maoista). Identifica, analiza y propone soluciones al constante problema de la debilidad de los naxalitas en la India: como construir el movimiento revolucionario en las ciudades, lejos de sus zonas liberadas y sus bastiones en el campo. En este documento, los camaradas indios analizan sistem\u00e1ticamente el trabajo que necesitan realizar en cada sector, la estrategia, t\u00e1ctica y metodolog\u00eda, y como poner su teor\u00eda en pr\u00e1ctica.<\/p>\n","protected":false},"featured_media":119,"template":"","meta":[],"product_brand":[],"product_cat":[20,21],"product_tag":[],"class_list":{"0":"post-129","1":"product","2":"type-product","3":"status-publish","4":"has-post-thumbnail","6":"product_cat-colaboraciones","7":"product_cat-edlenguasextranjeras","9":"first","10":"instock","11":"downloadable","12":"virtual","13":"purchasable","14":"product-type-simple"},"_links":{"self":[{"href":"https:\/\/beta.doscuadrados.es\/index.php\/wp-json\/wp\/v2\/product\/129","targetHints":{"allow":["GET"]}}],"collection":[{"href":"https:\/\/beta.doscuadrados.es\/index.php\/wp-json\/wp\/v2\/product"}],"about":[{"href":"https:\/\/beta.doscuadrados.es\/index.php\/wp-json\/wp\/v2\/types\/product"}],"wp:featuredmedia":[{"embeddable":true,"href":"https:\/\/beta.doscuadrados.es\/index.php\/wp-json\/wp\/v2\/media\/119"}],"wp:attachment":[{"href":"https:\/\/beta.doscuadrados.es\/index.php\/wp-json\/wp\/v2\/media?parent=129"}],"wp:term":[{"taxonomy":"product_brand","embeddable":true,"href":"https:\/\/beta.doscuadrados.es\/index.php\/wp-json\/wp\/v2\/product_brand?post=129"},{"taxonomy":"product_cat","embeddable":true,"href":"https:\/\/beta.doscuadrados.es\/index.php\/wp-json\/wp\/v2\/product_cat?post=129"},{"taxonomy":"product_tag","embeddable":true,"href":"https:\/\/beta.doscuadrados.es\/index.php\/wp-json\/wp\/v2\/product_tag?post=129"}],"curies":[{"name":"wp","href":"https:\/\/api.w.org\/{rel}","templated":true}]}}