{"id":130,"date":"2023-11-03T11:56:59","date_gmt":"2023-11-03T10:56:59","guid":{"rendered":"https:\/\/beta.doscuadrados.es\/?post_type=product&#038;p=130"},"modified":"2023-11-03T13:23:50","modified_gmt":"2023-11-03T12:23:50","slug":"ibrahim-kaypakkaya-la-questio-nacional-catala","status":"publish","type":"product","link":"https:\/\/beta.doscuadrados.es\/index.php\/product\/ibrahim-kaypakkaya-la-questio-nacional-catala\/","title":{"rendered":"Ibrahim Kaypakkaya &#8211; La Q\u00fcesti\u00f3 Nacional (catal\u00e1)"},"content":{"rendered":"<p><a href=\"http:\/\/beta.doscuadrados.es\/wp-content\/uploads\/2023\/11\/CAT-I.-Kaypakkaya-Questio-Nacional.pdf\">DESCARGA<\/a><\/p>\n<p>Escrito en una \u00e9poca en la que la esquerra en Turqu\u00eda estaba dividida sobre la cuesti\u00f3n del derecho a la autodeterminaci\u00f3n de las naciones (por ejemplo, el derecho a la secesi\u00f3n), el assaig d&#8217;Ibrahim Kaypakkaya present\u00f3 un estudio concreto de la q\u00fcesti\u00f3 Kurda i, m\u00e9s generalment, un an\u00e1lisis de la posici\u00f3n revolucionaria sobre las minor\u00edas nacionales. Seguint essent rellevant avui en dia, aquest assaig pot ajudar-nos a entender los moviments d&#8217;alliberament nacional actius avui en dia.<\/p>\n","protected":false},"excerpt":{"rendered":"<p><a href=\"http:\/\/beta.doscuadrados.es\/wp-content\/uploads\/2023\/11\/CAT-I.-Kaypakkaya-Questio-Nacional.pdf\">DESCARGA<\/a><\/p>\n<p>Escrito en una \u00e9poca en la que la esquerra en Turqu\u00eda estaba dividida sobre la cuesti\u00f3n del derecho a la autodeterminaci\u00f3n de las naciones (por ejemplo, el derecho a la secesi\u00f3n), el assaig d&#8217;Ibrahim Kaypakkaya present\u00f3 un estudio concreto de la q\u00fcesti\u00f3 Kurda i, m\u00e9s generalment, un an\u00e1lisis de la posici\u00f3n revolucionaria sobre las minor\u00edas nacionales. Seguint essent rellevant avui en dia, aquest assaig pot ajudar-nos a entender los moviments d&#8217;alliberament nacional actius avui en dia.<\/p>\n","protected":false},"featured_media":116,"template":"","meta":[],"product_brand":[],"product_cat":[20,21],"product_tag":[],"class_list":{"0":"post-130","1":"product","2":"type-product","3":"status-publish","4":"has-post-thumbnail","6":"product_cat-colaboraciones","7":"product_cat-edlenguasextranjeras","9":"first","10":"instock","11":"downloadable","12":"virtual","13":"purchasable","14":"product-type-simple"},"_links":{"self":[{"href":"https:\/\/beta.doscuadrados.es\/index.php\/wp-json\/wp\/v2\/product\/130","targetHints":{"allow":["GET"]}}],"collection":[{"href":"https:\/\/beta.doscuadrados.es\/index.php\/wp-json\/wp\/v2\/product"}],"about":[{"href":"https:\/\/beta.doscuadrados.es\/index.php\/wp-json\/wp\/v2\/types\/product"}],"wp:featuredmedia":[{"embeddable":true,"href":"https:\/\/beta.doscuadrados.es\/index.php\/wp-json\/wp\/v2\/media\/116"}],"wp:attachment":[{"href":"https:\/\/beta.doscuadrados.es\/index.php\/wp-json\/wp\/v2\/media?parent=130"}],"wp:term":[{"taxonomy":"product_brand","embeddable":true,"href":"https:\/\/beta.doscuadrados.es\/index.php\/wp-json\/wp\/v2\/product_brand?post=130"},{"taxonomy":"product_cat","embeddable":true,"href":"https:\/\/beta.doscuadrados.es\/index.php\/wp-json\/wp\/v2\/product_cat?post=130"},{"taxonomy":"product_tag","embeddable":true,"href":"https:\/\/beta.doscuadrados.es\/index.php\/wp-json\/wp\/v2\/product_tag?post=130"}],"curies":[{"name":"wp","href":"https:\/\/api.w.org\/{rel}","templated":true}]}}