{"id":133,"date":"2023-11-03T11:59:19","date_gmt":"2023-11-03T10:59:19","guid":{"rendered":"https:\/\/beta.doscuadrados.es\/?post_type=product&#038;p=133"},"modified":"2023-11-03T13:20:47","modified_gmt":"2023-11-03T12:20:47","slug":"araling-aktibista-arak-formacion-militante","status":"publish","type":"product","link":"https:\/\/beta.doscuadrados.es\/index.php\/product\/araling-aktibista-arak-formacion-militante\/","title":{"rendered":"Araling Aktibista (ARAK) &#8211; Formaci\u00f3n militante"},"content":{"rendered":"<p><a href=\"http:\/\/beta.doscuadrados.es\/wp-content\/uploads\/2023\/11\/S22-ES-Activist-Study-ARAK-Spanish-1st-Printing.pdf\">DESCARGA<\/a><\/p>\n<p>Formaci\u00f3n Militante (Araling Aktibista), o ARAK como se le conoce, es parte de la formaci\u00f3n requerida a los militantes del movimiento revolucionario filipino. La formaci\u00f3n incluye los textos de Cinco Rayos Dorados de Mao Zedong, junto con lecciones sobre la Formaci\u00f3n y el An\u00e1lisis Revolucionario, la L\u00ednea de Masas y el Centralismo Democr\u00e1tico y el Sistema de Comit\u00e9s- todos textos esenciales para el estudio y la formaci\u00f3n de la pr\u00e1ctica revolucionaria.<\/p>\n","protected":false},"excerpt":{"rendered":"<p><a href=\"http:\/\/beta.doscuadrados.es\/wp-content\/uploads\/2023\/11\/S22-ES-Activist-Study-ARAK-Spanish-1st-Printing.pdf\">DESCARGA<\/a><\/p>\n<p>Formaci\u00f3n Militante (Araling Aktibista), o ARAK como se le conoce, es parte de la formaci\u00f3n requerida a los militantes del movimiento revolucionario filipino. La formaci\u00f3n incluye los textos de Cinco Rayos Dorados de Mao Zedong, junto con lecciones sobre la Formaci\u00f3n y el An\u00e1lisis Revolucionario, la L\u00ednea de Masas y el Centralismo Democr\u00e1tico y el Sistema de Comit\u00e9s- todos textos esenciales para el estudio y la formaci\u00f3n de la pr\u00e1ctica revolucionaria.<\/p>\n","protected":false},"featured_media":121,"template":"","meta":[],"product_brand":[],"product_cat":[20,21],"product_tag":[],"class_list":{"0":"post-133","1":"product","2":"type-product","3":"status-publish","4":"has-post-thumbnail","6":"product_cat-colaboraciones","7":"product_cat-edlenguasextranjeras","9":"first","10":"instock","11":"downloadable","12":"virtual","13":"purchasable","14":"product-type-simple"},"_links":{"self":[{"href":"https:\/\/beta.doscuadrados.es\/index.php\/wp-json\/wp\/v2\/product\/133","targetHints":{"allow":["GET"]}}],"collection":[{"href":"https:\/\/beta.doscuadrados.es\/index.php\/wp-json\/wp\/v2\/product"}],"about":[{"href":"https:\/\/beta.doscuadrados.es\/index.php\/wp-json\/wp\/v2\/types\/product"}],"wp:featuredmedia":[{"embeddable":true,"href":"https:\/\/beta.doscuadrados.es\/index.php\/wp-json\/wp\/v2\/media\/121"}],"wp:attachment":[{"href":"https:\/\/beta.doscuadrados.es\/index.php\/wp-json\/wp\/v2\/media?parent=133"}],"wp:term":[{"taxonomy":"product_brand","embeddable":true,"href":"https:\/\/beta.doscuadrados.es\/index.php\/wp-json\/wp\/v2\/product_brand?post=133"},{"taxonomy":"product_cat","embeddable":true,"href":"https:\/\/beta.doscuadrados.es\/index.php\/wp-json\/wp\/v2\/product_cat?post=133"},{"taxonomy":"product_tag","embeddable":true,"href":"https:\/\/beta.doscuadrados.es\/index.php\/wp-json\/wp\/v2\/product_tag?post=133"}],"curies":[{"name":"wp","href":"https:\/\/api.w.org\/{rel}","templated":true}]}}