{"id":210,"date":"2023-11-14T20:59:28","date_gmt":"2023-11-14T19:59:28","guid":{"rendered":"https:\/\/beta.doscuadrados.es\/?post_type=product&#038;p=210"},"modified":"2023-11-14T21:02:05","modified_gmt":"2023-11-14T20:02:05","slug":"el-lissitzky-cuento-suprematista-sobre-dos-cuadrados-en-seis-construcciones","status":"publish","type":"product","link":"https:\/\/beta.doscuadrados.es\/index.php\/product\/el-lissitzky-cuento-suprematista-sobre-dos-cuadrados-en-seis-construcciones\/","title":{"rendered":"El Lissitzky &#8211; Cuento suprematista sobre dos cuadrados en seis construcciones"},"content":{"rendered":"<p><a href=\"http:\/\/beta.doscuadrados.es\/wp-content\/uploads\/2023\/11\/Cuento-suprematista-sobre-dos-cuadrados-en-seis-construcciones-Version-Digital.pdf\">DESCARGA<\/a><\/p>\n<p>El Cuento suprematista sobre dos cuadrados en 6 construcciones, es una obra que El Lissitzky elabor\u00f3 en 1920 en Mosc\u00fa, con la intenci\u00f3n de que fuera un cuento infantil. En 1922 ser\u00e1 publicado en Berl\u00edn, por Skythen, durante su estancia como agregado cultural en la embajada. Influido por su maestro Malevich, influir\u00e1 a su vez en la escuela de la Bauhaus, y junto a Rodschenko o Tatlin se convertir\u00e1 en una de las figuras m\u00e1s reconocidas de la vanguardia sovi\u00e9tica.<\/p>\n<p>La Revoluci\u00f3n de Octubre marca, por primera vez en la historia de la humanidad, la posibilidad de transformar radicalmente todos los aspectos de la sociedad, incluyendo la personalidad y las formas de vida. El reto era educar a nuevos seres humanos, que fueran capaces de dar fin a la explotaci\u00f3n y opresi\u00f3n de la sociedad de clases, y que pudieran mantenerse en guardia ante las embestidas del viejo mundo. El cuento comienza con un llamamiento a \u00abtodos, todos los ni\u00f1os\u00bb a romper con la visi\u00f3n contemplativa de la educaci\u00f3n, a no leer sino a agarrar varillas, pinceles, etc y crear, construir. El aspecto pr\u00e1ctico es imprescindible para un peque\u00f1o revolucionario. Despu\u00e9s, El Lissitzky nos va presentando la historia de dos cuadrados, uno negro y otro rojo \u2013 recordemos que est\u00e1 construyendo el cuento en los \u00faltimos compases de la guerra civil rusa, donde el nuevo poder bolchevique era tan precario como preciado \u2013 dos cuadrados que llegan desde lejos a la tierra (la influencia del cosmismo aqu\u00ed es muy clara), ven la agitada negrura de siglos y siglos de dominaci\u00f3n, explotaci\u00f3n y sufrimiento; y comienzan una lucha encarnizada. Existe un golpe insurreccional de caos, en el que todo se dispersa, pero eso no es suficiente: el cuadrado rojo, para vencer en la guerra de clases, debe construirse sobre lo negro, debe crecer en el seno de lo viejo. Finalmente el cuadrado negro huye derrotado, pero la victoria del rojo no es eterna: siempre debe estar en guardia, siendo consciente de que lo viejo puede renacer. Las y los revolucionarios del futuro deben saber que el fin de la guerra civil no es el final, sino el comienzo del proceso revolucionario.<\/p>\n","protected":false},"excerpt":{"rendered":"<p><a href=\"http:\/\/beta.doscuadrados.es\/wp-content\/uploads\/2023\/11\/Cuento-suprematista-sobre-dos-cuadrados-en-seis-construcciones-Version-Digital.pdf\">DESCARGA<\/a><\/p>\n<p>El Cuento suprematista sobre dos cuadrados en 6 construcciones, es una obra que El Lissitzky elabor\u00f3 en 1920 en Mosc\u00fa, con la intenci\u00f3n de que fuera un cuento infantil. En 1922 ser\u00e1 publicado en Berl\u00edn, por Skythen, durante su estancia como agregado cultural en la embajada. Influido por su maestro Malevich, influir\u00e1 a su vez en la escuela de la Bauhaus, y junto a Rodschenko o Tatlin se convertir\u00e1 en una de las figuras m\u00e1s reconocidas de la vanguardia sovi\u00e9tica.<\/p>\n<p>La Revoluci\u00f3n de Octubre marca, por primera vez en la historia de la humanidad, la posibilidad de transformar radicalmente todos los aspectos de la sociedad, incluyendo la personalidad y las formas de vida. El reto era educar a nuevos seres humanos, que fueran capaces de dar fin a la explotaci\u00f3n y opresi\u00f3n de la sociedad de clases, y que pudieran mantenerse en guardia ante las embestidas del viejo mundo. El cuento comienza con un llamamiento a \u00abtodos, todos los ni\u00f1os\u00bb a romper con la visi\u00f3n contemplativa de la educaci\u00f3n, a no leer sino a agarrar varillas, pinceles, etc y crear, construir. El aspecto pr\u00e1ctico es imprescindible para un peque\u00f1o revolucionario. Despu\u00e9s, El Lissitzky nos va presentando la historia de dos cuadrados, uno negro y otro rojo \u2013 recordemos que est\u00e1 construyendo el cuento en los \u00faltimos compases de la guerra civil rusa, donde el nuevo poder bolchevique era tan precario como preciado \u2013 dos cuadrados que llegan desde lejos a la tierra (la influencia del cosmismo aqu\u00ed es muy clara), ven la agitada negrura de siglos y siglos de dominaci\u00f3n, explotaci\u00f3n y sufrimiento; y comienzan una lucha encarnizada. Existe un golpe insurreccional de caos, en el que todo se dispersa, pero eso no es suficiente: el cuadrado rojo, para vencer en la guerra de clases, debe construirse sobre lo negro, debe crecer en el seno de lo viejo. Finalmente el cuadrado negro huye derrotado, pero la victoria del rojo no es eterna: siempre debe estar en guardia, siendo consciente de que lo viejo puede renacer. Las y los revolucionarios del futuro deben saber que el fin de la guerra civil no es el final, sino el comienzo del proceso revolucionario.<\/p>\n","protected":false},"featured_media":208,"template":"","meta":[],"product_brand":[],"product_cat":[19],"product_tag":[],"class_list":{"0":"post-210","1":"product","2":"type-product","3":"status-publish","4":"has-post-thumbnail","6":"product_cat-doscuadrados","8":"first","9":"instock","10":"downloadable","11":"virtual","12":"purchasable","13":"product-type-simple"},"_links":{"self":[{"href":"https:\/\/beta.doscuadrados.es\/index.php\/wp-json\/wp\/v2\/product\/210","targetHints":{"allow":["GET"]}}],"collection":[{"href":"https:\/\/beta.doscuadrados.es\/index.php\/wp-json\/wp\/v2\/product"}],"about":[{"href":"https:\/\/beta.doscuadrados.es\/index.php\/wp-json\/wp\/v2\/types\/product"}],"wp:featuredmedia":[{"embeddable":true,"href":"https:\/\/beta.doscuadrados.es\/index.php\/wp-json\/wp\/v2\/media\/208"}],"wp:attachment":[{"href":"https:\/\/beta.doscuadrados.es\/index.php\/wp-json\/wp\/v2\/media?parent=210"}],"wp:term":[{"taxonomy":"product_brand","embeddable":true,"href":"https:\/\/beta.doscuadrados.es\/index.php\/wp-json\/wp\/v2\/product_brand?post=210"},{"taxonomy":"product_cat","embeddable":true,"href":"https:\/\/beta.doscuadrados.es\/index.php\/wp-json\/wp\/v2\/product_cat?post=210"},{"taxonomy":"product_tag","embeddable":true,"href":"https:\/\/beta.doscuadrados.es\/index.php\/wp-json\/wp\/v2\/product_tag?post=210"}],"curies":[{"name":"wp","href":"https:\/\/api.w.org\/{rel}","templated":true}]}}