{"id":231,"date":"2024-01-24T13:07:49","date_gmt":"2024-01-24T12:07:49","guid":{"rendered":"https:\/\/beta.doscuadrados.es\/?post_type=product&#038;p=231"},"modified":"2024-01-24T13:11:02","modified_gmt":"2024-01-24T12:11:02","slug":"vladimir-maikaovski-lenin-seguido-de-anexos","status":"publish","type":"product","link":"https:\/\/beta.doscuadrados.es\/index.php\/product\/vladimir-maikaovski-lenin-seguido-de-anexos\/","title":{"rendered":"Vladimir Maikaovski &#8211; Lenin. Seguido de Anexos"},"content":{"rendered":"<p><a href=\"http:\/\/beta.doscuadrados.es\/wp-content\/uploads\/2024\/01\/Lenin-Maiakovksi-Version-Digital.pdf\">DESCARGA<\/a><\/p>\n<p>&nbsp;<\/p>\n<p><em>Lenin<\/em> es un poema \u00e9pico escrito como homenaje por el poeta futurista sovi\u00e9tico Vladimir Maiakovski, en 1924, despu\u00e9s de asistir a los funerales en la Plaza Roja.<br \/>\nSu hermana mayor Lyudmila Maiakovski escribir\u00eda: \u00abVolodia [Vladimir] se tom\u00f3 la muerte de Lenin como algo muy personal. Para \u00e9l fue como la p\u00e9rdida de una persona querida y cercana. Cre\u00eda en \u00e9l. Le quer\u00eda desde aquellos primeros d\u00edas de trabajo en la clandestinidad revolucionaria. Tan conmocionado estaba por esta muerte que durante alg\u00fan tiempo no pudo expresar sus sentimientos (por escrito)&#8230; \u00c9l ha estado volviendo a la memoria y a las ideas de Lenin durante toda su vida. Porque era la lucha de Lenin por los brillantes ideales del comunismo, lo que Vladimir consideraba el sentido de su propia vida\u00bb.<\/p>\n<p>Enero de 2024, con motivo del centenario de la muerte de Lenin.<\/p>\n","protected":false},"excerpt":{"rendered":"<p><em>Lenin<\/em> es un poema \u00e9pico escrito como homenaje por el poeta futurista sovi\u00e9tico Vladimir Maiakovski, en 1924.<\/p>\n","protected":false},"featured_media":229,"template":"","meta":[],"product_brand":[],"product_cat":[19],"product_tag":[23],"class_list":{"0":"post-231","1":"product","2":"type-product","3":"status-publish","4":"has-post-thumbnail","6":"product_cat-doscuadrados","7":"product_tag-arte","9":"first","10":"instock","11":"downloadable","12":"virtual","13":"purchasable","14":"product-type-simple"},"_links":{"self":[{"href":"https:\/\/beta.doscuadrados.es\/index.php\/wp-json\/wp\/v2\/product\/231","targetHints":{"allow":["GET"]}}],"collection":[{"href":"https:\/\/beta.doscuadrados.es\/index.php\/wp-json\/wp\/v2\/product"}],"about":[{"href":"https:\/\/beta.doscuadrados.es\/index.php\/wp-json\/wp\/v2\/types\/product"}],"wp:featuredmedia":[{"embeddable":true,"href":"https:\/\/beta.doscuadrados.es\/index.php\/wp-json\/wp\/v2\/media\/229"}],"wp:attachment":[{"href":"https:\/\/beta.doscuadrados.es\/index.php\/wp-json\/wp\/v2\/media?parent=231"}],"wp:term":[{"taxonomy":"product_brand","embeddable":true,"href":"https:\/\/beta.doscuadrados.es\/index.php\/wp-json\/wp\/v2\/product_brand?post=231"},{"taxonomy":"product_cat","embeddable":true,"href":"https:\/\/beta.doscuadrados.es\/index.php\/wp-json\/wp\/v2\/product_cat?post=231"},{"taxonomy":"product_tag","embeddable":true,"href":"https:\/\/beta.doscuadrados.es\/index.php\/wp-json\/wp\/v2\/product_tag?post=231"}],"curies":[{"name":"wp","href":"https:\/\/api.w.org\/{rel}","templated":true}]}}