{"id":240,"date":"2024-01-24T13:22:46","date_gmt":"2024-01-24T12:22:46","guid":{"rendered":"https:\/\/beta.doscuadrados.es\/?post_type=product&#038;p=240"},"modified":"2024-01-24T13:26:10","modified_gmt":"2024-01-24T12:26:10","slug":"historia-del-marxismo-vol-ii-el-marxismo-en-tiempos-de-marx-ii","status":"publish","type":"product","link":"https:\/\/beta.doscuadrados.es\/index.php\/product\/historia-del-marxismo-vol-ii-el-marxismo-en-tiempos-de-marx-ii\/","title":{"rendered":"Historia del marxismo, Vol II. \u2013 El marxismo en tiempos de Marx (II)"},"content":{"rendered":"<p><a href=\"http:\/\/beta.doscuadrados.es\/wp-content\/uploads\/2024\/01\/Historia-del-marxismo-Vol.2.-El-marxismo-en-tiempos-de-Marx-II-Version-digital-1.pdf\">DESCARGA<\/a><\/p>\n<p>&nbsp;<\/p>\n<p>HISTORIA DEL MARXISMO una colecci\u00f3n de 12 libros en la que se aborda de manera rigurosa y detallada el desarrollo del pensamiento marxista y sus diferentes corrientes. En su elaboraci\u00f3n participaron Eric J. Hosbawm, George Haupt, Franz Marek, Ernesto Ragioneri, Vittorio Strada y Corrado Vivanti, con la colaboraci\u00f3n de m\u00e1s te\u00f3ricos y acad\u00e9micos vinculados al marxismo.<br \/>\nEste segundo volumen, \u00abEl marxismo en tiempos de Marx y Engels II\u00bb, se compone de un texto de Badaloni sobre la cuesti\u00f3n del tiempo de trabajo y la libertad, de Krader sobre el pensamiento etnol\u00f3gico en los \u00faltimos a\u00f1os de Marx, Hobsbawm y Haupt hablar\u00e1n del problema de la transici\u00f3n y del nacimiento del marxismo, Stedman Jones caracterizar\u00e1 la importancia de la figura de Engels, y el volumen termina con una recopilaci\u00f3n sobre la traducci\u00f3n y edici\u00f3n de las obras de Marx y Engels.<\/p>\n","protected":false},"excerpt":{"rendered":"<p>DESCARGA &nbsp; HISTORIA DEL MARXISMO una colecci\u00f3n de 12 libros en la que se aborda de manera rigurosa y detallada el desarrollo del pensamiento marxista y sus diferentes corrientes. En su elaboraci\u00f3n participaron Eric J. Hosbawm, George Haupt, Franz Marek, Ernesto Ragioneri, Vittorio Strada y Corrado Vivanti, con la colaboraci\u00f3n de m\u00e1s te\u00f3ricos y acad\u00e9micos [&hellip;]<\/p>\n","protected":false},"featured_media":237,"template":"","meta":[],"product_brand":[],"product_cat":[19],"product_tag":[24,27],"class_list":{"0":"post-240","1":"product","2":"type-product","3":"status-publish","4":"has-post-thumbnail","6":"product_cat-doscuadrados","7":"product_tag-historia","8":"product_tag-historia-del-marxismo","10":"first","11":"instock","12":"downloadable","13":"virtual","14":"purchasable","15":"product-type-simple"},"_links":{"self":[{"href":"https:\/\/beta.doscuadrados.es\/index.php\/wp-json\/wp\/v2\/product\/240","targetHints":{"allow":["GET"]}}],"collection":[{"href":"https:\/\/beta.doscuadrados.es\/index.php\/wp-json\/wp\/v2\/product"}],"about":[{"href":"https:\/\/beta.doscuadrados.es\/index.php\/wp-json\/wp\/v2\/types\/product"}],"wp:featuredmedia":[{"embeddable":true,"href":"https:\/\/beta.doscuadrados.es\/index.php\/wp-json\/wp\/v2\/media\/237"}],"wp:attachment":[{"href":"https:\/\/beta.doscuadrados.es\/index.php\/wp-json\/wp\/v2\/media?parent=240"}],"wp:term":[{"taxonomy":"product_brand","embeddable":true,"href":"https:\/\/beta.doscuadrados.es\/index.php\/wp-json\/wp\/v2\/product_brand?post=240"},{"taxonomy":"product_cat","embeddable":true,"href":"https:\/\/beta.doscuadrados.es\/index.php\/wp-json\/wp\/v2\/product_cat?post=240"},{"taxonomy":"product_tag","embeddable":true,"href":"https:\/\/beta.doscuadrados.es\/index.php\/wp-json\/wp\/v2\/product_tag?post=240"}],"curies":[{"name":"wp","href":"https:\/\/api.w.org\/{rel}","templated":true}]}}