{"id":241,"date":"2024-01-24T13:25:13","date_gmt":"2024-01-24T12:25:13","guid":{"rendered":"https:\/\/beta.doscuadrados.es\/?post_type=product&#038;p=241"},"modified":"2024-01-24T13:25:13","modified_gmt":"2024-01-24T12:25:13","slug":"robert-linhart-lenin-los-campesinos-y-taylor","status":"publish","type":"product","link":"https:\/\/beta.doscuadrados.es\/index.php\/product\/robert-linhart-lenin-los-campesinos-y-taylor\/","title":{"rendered":"Robert Linhart &#8211; Lenin, los campesinos y Taylor"},"content":{"rendered":"<p><a href=\"http:\/\/beta.doscuadrados.es\/wp-content\/uploads\/2024\/01\/Lenin-los-campesinos-y-Taylor-Robert-Linhart-Version-Digital.pdf\">DESCARGA<\/a><\/p>\n<p>&nbsp;<\/p>\n<p>Este texto, publicado en 1976 por un comunista franc\u00e9s, explora ciertos l\u00edmites de la Revoluci\u00f3n rusa y del pensamiento de Lenin en dos cuestiones clave: la pol\u00edtica agraria y la organizaci\u00f3n del trabajo industrial. El libro se enmarca en una lucha contra la \u00abcorriente\u00bb antileninista en el mayo del 68 franc\u00e9s. Su ensayo es una defensa e intervenci\u00f3n para intentar proporcionar un an\u00e1lisis hist\u00f3rico materialista sobre las medidas concretas y la ideolog\u00eda de Lenin y del partido bolchevique en materia de organizaci\u00f3n econ\u00f3mica; sobre los dos puntos clave de la cuesti\u00f3n campesina y de la organizaci\u00f3n del trabajo industrial y, en concreto, sobre los desaf\u00edos iniciales internos de la revoluci\u00f3n rusa.<br \/>\nEste libro reconstruye las posiciones te\u00f3ricas y pr\u00e1cticas adoptadas por Lenin sobre dos de los principales problemas de la Revoluci\u00f3n de Octubre: la cuesti\u00f3n del campesinado que, planteada desde la perspectiva de la \u00abinstauraci\u00f3n directa del socialismo\u00bb, experimentar\u00eda un viraje decisivo a partir de 1921 con el inicio de la NEP; as\u00ed como la cuesti\u00f3n del trabajo obrero que, a partir de 1918, tomar\u00eda la forma del taylorismo, es decir, de la divisi\u00f3n y organizaci\u00f3n \u00abcient\u00edficas\u00bb burguesas. Partiendo de un enfoque marxista, el autor restituye la complejidad del pensamiento y de la acci\u00f3n de Lenin poni\u00e9ndolos continuamente en relaci\u00f3n tanto con la formaci\u00f3n econ\u00f3mico-social de la Rusia de la \u00e9poca y su posicionamiento internacional, como con la inmensa tarea de la organizaci\u00f3n pol\u00edtica de los Soviets y del Estado socialista. El resultado es un cuadro que, al tiempo que hace justicia a Lenin, sit\u00faa el proceso hist\u00f3rico de la Revoluci\u00f3n Rusa en una dimensi\u00f3n dial\u00e9ctica m\u00e1s adecuada para identificar sus dificultades reales y comprender los propios desenlaces que siguieron a la muerte del gran l\u00edder revolucionario.<\/p>\n","protected":false},"excerpt":{"rendered":"<p>DESCARGA &nbsp; Este texto, publicado en 1976 por un comunista franc\u00e9s, explora ciertos l\u00edmites de la Revoluci\u00f3n rusa y del pensamiento de Lenin en dos cuestiones clave: la pol\u00edtica agraria y la organizaci\u00f3n del trabajo industrial. El libro se enmarca en una lucha contra la \u00abcorriente\u00bb antileninista en el mayo del 68 franc\u00e9s. Su ensayo [&hellip;]<\/p>\n","protected":false},"featured_media":234,"template":"","meta":[],"product_brand":[],"product_cat":[19],"product_tag":[24,26],"class_list":{"0":"post-241","1":"product","2":"type-product","3":"status-publish","4":"has-post-thumbnail","6":"product_cat-doscuadrados","7":"product_tag-historia","8":"product_tag-urss","10":"first","11":"instock","12":"downloadable","13":"virtual","14":"purchasable","15":"product-type-simple"},"_links":{"self":[{"href":"https:\/\/beta.doscuadrados.es\/index.php\/wp-json\/wp\/v2\/product\/241","targetHints":{"allow":["GET"]}}],"collection":[{"href":"https:\/\/beta.doscuadrados.es\/index.php\/wp-json\/wp\/v2\/product"}],"about":[{"href":"https:\/\/beta.doscuadrados.es\/index.php\/wp-json\/wp\/v2\/types\/product"}],"wp:featuredmedia":[{"embeddable":true,"href":"https:\/\/beta.doscuadrados.es\/index.php\/wp-json\/wp\/v2\/media\/234"}],"wp:attachment":[{"href":"https:\/\/beta.doscuadrados.es\/index.php\/wp-json\/wp\/v2\/media?parent=241"}],"wp:term":[{"taxonomy":"product_brand","embeddable":true,"href":"https:\/\/beta.doscuadrados.es\/index.php\/wp-json\/wp\/v2\/product_brand?post=241"},{"taxonomy":"product_cat","embeddable":true,"href":"https:\/\/beta.doscuadrados.es\/index.php\/wp-json\/wp\/v2\/product_cat?post=241"},{"taxonomy":"product_tag","embeddable":true,"href":"https:\/\/beta.doscuadrados.es\/index.php\/wp-json\/wp\/v2\/product_tag?post=241"}],"curies":[{"name":"wp","href":"https:\/\/api.w.org\/{rel}","templated":true}]}}