{"id":70,"date":"2023-11-03T11:17:45","date_gmt":"2023-11-03T10:17:45","guid":{"rendered":"https:\/\/beta.doscuadrados.es\/?post_type=product&#038;p=70"},"modified":"2023-11-03T13:56:07","modified_gmt":"2023-11-03T12:56:07","slug":"evald-v-ilienkov-obras-escogidas-vol-1","status":"publish","type":"product","link":"https:\/\/beta.doscuadrados.es\/index.php\/product\/evald-v-ilienkov-obras-escogidas-vol-1\/","title":{"rendered":"\u00c9vald V. Ilienkov &#8211; Obras escogidas. Vol. 1"},"content":{"rendered":"<p><a href=\"http:\/\/beta.doscuadrados.es\/wp-content\/uploads\/2023\/11\/Ili\u251c\u0439nkov-\u251c\u0419vald-V.-Obras-Escogidas-Vol-1-Versi\u251c\u2502n-digital.pdf\">DESCARGA<\/a><\/p>\n<p>El ciudadano sovi\u00e9tico \u00c9vald Vasilievich Ili\u00e9nkov (1924-1979) fue uno de los pensadores m\u00e1s importantes de la tradici\u00f3n marxista del siglo XX.<\/p>\n<p>Este volumen I incluye la Cosmolog\u00eda del Esp\u00edritu, el sugerente texto de juventud donde propondr\u00e1 que s\u00f3lo el comunismo detendr\u00e1 la muerte t\u00e9rmica del universo, sus tesis redactadas junto a Korokivov donde enuncia c\u00f3mo pensar la relaci\u00f3n entre la filosof\u00eda y las ciencias sociales y naturales, su estudio de la dial\u00e9ctica griega en La dial\u00e9ctica antigua como forma de pensamiento poni\u00e9ndola en relaci\u00f3n con la dial\u00e9ctica hegeliana, y por \u00faltimo sus textos sobre el concepto del ideal: por un lado, De \u00eddolos e ideales y Dial\u00e9ctica de lo ideal, y adem\u00e1s sus sucesivas tentativas de elaborar una definici\u00f3n del concepto del objeto abstracto.<\/p>\n","protected":false},"excerpt":{"rendered":"<p><a href=\"http:\/\/beta.doscuadrados.es\/wp-content\/uploads\/2023\/11\/Ili\u251c\u0439nkov-\u251c\u0419vald-V.-Obras-Escogidas-Vol-1-Versi\u251c\u2502n-digital.pdf\">DESCARGA<\/a><\/p>\n<p>El ciudadano sovi\u00e9tico \u00c9vald Vasilievich Ili\u00e9nkov (1924-1979) fue uno de los pensadores m\u00e1s importantes de la tradici\u00f3n marxista del siglo XX.<\/p>\n<p>Este volumen I incluye la Cosmolog\u00eda del Esp\u00edritu, el sugerente texto de juventud donde propondr\u00e1 que s\u00f3lo el comunismo detendr\u00e1 la muerte t\u00e9rmica del universo, sus tesis redactadas junto a Korokivov donde enuncia c\u00f3mo pensar la relaci\u00f3n entre la filosof\u00eda y las ciencias sociales y naturales, su estudio de la dial\u00e9ctica griega en La dial\u00e9ctica antigua como forma de pensamiento poni\u00e9ndola en relaci\u00f3n con la dial\u00e9ctica hegeliana, y por \u00faltimo sus textos sobre el concepto del ideal: por un lado, De \u00eddolos e ideales y Dial\u00e9ctica de lo ideal, y adem\u00e1s sus sucesivas tentativas de elaborar una definici\u00f3n del concepto del objeto abstracto.<\/p>\n","protected":false},"featured_media":43,"template":"","meta":[],"product_brand":[],"product_cat":[19],"product_tag":[],"class_list":{"0":"post-70","1":"product","2":"type-product","3":"status-publish","4":"has-post-thumbnail","6":"product_cat-doscuadrados","8":"first","9":"instock","10":"downloadable","11":"virtual","12":"purchasable","13":"product-type-simple"},"_links":{"self":[{"href":"https:\/\/beta.doscuadrados.es\/index.php\/wp-json\/wp\/v2\/product\/70","targetHints":{"allow":["GET"]}}],"collection":[{"href":"https:\/\/beta.doscuadrados.es\/index.php\/wp-json\/wp\/v2\/product"}],"about":[{"href":"https:\/\/beta.doscuadrados.es\/index.php\/wp-json\/wp\/v2\/types\/product"}],"wp:featuredmedia":[{"embeddable":true,"href":"https:\/\/beta.doscuadrados.es\/index.php\/wp-json\/wp\/v2\/media\/43"}],"wp:attachment":[{"href":"https:\/\/beta.doscuadrados.es\/index.php\/wp-json\/wp\/v2\/media?parent=70"}],"wp:term":[{"taxonomy":"product_brand","embeddable":true,"href":"https:\/\/beta.doscuadrados.es\/index.php\/wp-json\/wp\/v2\/product_brand?post=70"},{"taxonomy":"product_cat","embeddable":true,"href":"https:\/\/beta.doscuadrados.es\/index.php\/wp-json\/wp\/v2\/product_cat?post=70"},{"taxonomy":"product_tag","embeddable":true,"href":"https:\/\/beta.doscuadrados.es\/index.php\/wp-json\/wp\/v2\/product_tag?post=70"}],"curies":[{"name":"wp","href":"https:\/\/api.w.org\/{rel}","templated":true}]}}