{"id":73,"date":"2023-11-03T11:21:03","date_gmt":"2023-11-03T10:21:03","guid":{"rendered":"https:\/\/beta.doscuadrados.es\/?post_type=product&#038;p=73"},"modified":"2023-11-03T13:53:57","modified_gmt":"2023-11-03T12:53:57","slug":"evald-v-ilienkov-obras-escogidas-vol-2","status":"publish","type":"product","link":"https:\/\/beta.doscuadrados.es\/index.php\/product\/evald-v-ilienkov-obras-escogidas-vol-2\/","title":{"rendered":"\u00c9vald V. Ilienkov &#8211; Obras escogidas. Vol. 2"},"content":{"rendered":"<p><a href=\"http:\/\/beta.doscuadrados.es\/wp-content\/uploads\/2023\/11\/Ili\u251c\u0439nkov-\u251c\u0419vald-V.-Obras-Escogidas-Vol-2-Versi\u251c\u2502n-digital.pdf\">DESCARGA<\/a><\/p>\n<p>El fil\u00f3sofo sovi\u00e9tico \u00c9vald Vasilievich Ili\u00e9nkov (1924-1979) fue uno de los pensadores m\u00e1s importantes de la tradici\u00f3n marxista del siglo XX.<\/p>\n<p>Este Volumen II recoge sus defensas del pensamiento filos\u00f3fico y dial\u00e9ctico de Lenin contra sus cr\u00edticos positivistas y cienticifistas, entre las cuales destacamos La dial\u00e9ctica leninista y la metaf\u00edsica del positivismo, sus estudios sobre el problema de la contradicci\u00f3n en l\u00f3gica, motor de la filosof\u00eda marxista, sus trabajos sobre la filosof\u00eda de Hegel, pensador crucial para Marx del que com\u00fanmente se dice que constituye el \u00ab\u00e1lgebra de la revoluci\u00f3n\u00bb, y por \u00faltimo trabajos sobre el problema de lo abstracto y lo concreto, ineludible cuando se hace filosof\u00eda.<\/p>\n","protected":false},"excerpt":{"rendered":"<p><a href=\"http:\/\/beta.doscuadrados.es\/wp-content\/uploads\/2023\/11\/Ili\u251c\u0439nkov-\u251c\u0419vald-V.-Obras-Escogidas-Vol-2-Versi\u251c\u2502n-digital.pdf\">DESCARGA<\/a><\/p>\n<p>El fil\u00f3sofo sovi\u00e9tico \u00c9vald Vasilievich Ili\u00e9nkov (1924-1979) fue uno de los pensadores m\u00e1s importantes de la tradici\u00f3n marxista del siglo XX.<\/p>\n<p>Este Volumen II recoge sus defensas del pensamiento filos\u00f3fico y dial\u00e9ctico de Lenin contra sus cr\u00edticos positivistas y cienticifistas, entre las cuales destacamos La dial\u00e9ctica leninista y la metaf\u00edsica del positivismo, sus estudios sobre el problema de la contradicci\u00f3n en l\u00f3gica, motor de la filosof\u00eda marxista, sus trabajos sobre la filosof\u00eda de Hegel, pensador crucial para Marx del que com\u00fanmente se dice que constituye el \u00ab\u00e1lgebra de la revoluci\u00f3n\u00bb, y por \u00faltimo trabajos sobre el problema de lo abstracto y lo concreto, ineludible cuando se hace filosof\u00eda.<\/p>\n","protected":false},"featured_media":44,"template":"","meta":[],"product_brand":[],"product_cat":[19],"product_tag":[],"class_list":{"0":"post-73","1":"product","2":"type-product","3":"status-publish","4":"has-post-thumbnail","6":"product_cat-doscuadrados","8":"first","9":"instock","10":"downloadable","11":"virtual","12":"purchasable","13":"product-type-simple"},"_links":{"self":[{"href":"https:\/\/beta.doscuadrados.es\/index.php\/wp-json\/wp\/v2\/product\/73","targetHints":{"allow":["GET"]}}],"collection":[{"href":"https:\/\/beta.doscuadrados.es\/index.php\/wp-json\/wp\/v2\/product"}],"about":[{"href":"https:\/\/beta.doscuadrados.es\/index.php\/wp-json\/wp\/v2\/types\/product"}],"wp:featuredmedia":[{"embeddable":true,"href":"https:\/\/beta.doscuadrados.es\/index.php\/wp-json\/wp\/v2\/media\/44"}],"wp:attachment":[{"href":"https:\/\/beta.doscuadrados.es\/index.php\/wp-json\/wp\/v2\/media?parent=73"}],"wp:term":[{"taxonomy":"product_brand","embeddable":true,"href":"https:\/\/beta.doscuadrados.es\/index.php\/wp-json\/wp\/v2\/product_brand?post=73"},{"taxonomy":"product_cat","embeddable":true,"href":"https:\/\/beta.doscuadrados.es\/index.php\/wp-json\/wp\/v2\/product_cat?post=73"},{"taxonomy":"product_tag","embeddable":true,"href":"https:\/\/beta.doscuadrados.es\/index.php\/wp-json\/wp\/v2\/product_tag?post=73"}],"curies":[{"name":"wp","href":"https:\/\/api.w.org\/{rel}","templated":true}]}}