{"id":74,"date":"2023-11-03T11:22:11","date_gmt":"2023-11-03T10:22:11","guid":{"rendered":"https:\/\/beta.doscuadrados.es\/?post_type=product&#038;p=74"},"modified":"2023-11-03T13:52:58","modified_gmt":"2023-11-03T12:52:58","slug":"charles-bettelheim-las-luchas-de-clases-en-la-urss-1930-1941-los-dominados","status":"publish","type":"product","link":"https:\/\/beta.doscuadrados.es\/index.php\/product\/charles-bettelheim-las-luchas-de-clases-en-la-urss-1930-1941-los-dominados\/","title":{"rendered":"Charles Bettelheim &#8211; Las luchas de clases en la URSS (1930-1941): Los dominados"},"content":{"rendered":"<p><a href=\"http:\/\/beta.doscuadrados.es\/wp-content\/uploads\/2023\/11\/Bettelheim-Charles-Las-luchas-de-clases-en-la-URSS-tomo-III-Versi\u251c\u2502n-digital.pdf\">DESCARGA<\/a><\/p>\n<p>En el primer tomo del tercer volumen de Las luchas de clases en la URSS, Bettelheim opta por revisar todos sus an\u00e1lisis previos expuestos en los dos vol\u00famenes precedentes. Si antes la Revoluci\u00f3n de Octubre era una revoluci\u00f3n proletaria con muchos peligros escondidos y heredados desde su nacimiento, ahora nunca fue una revoluci\u00f3n proletaria sino una revoluci\u00f3n capitalista de nuevo tipo, espec\u00edfica, particular, \u00fanica y que consta de dos fases: la propia de la NEP y la revoluci\u00f3n estalinista. Dos fases diferenciadas que marcan el dif\u00edcil desarrollo que tiene la clase dominante en la URSS para asentarse tanto en el Partido como en el Estado.<\/p>\n<p>Esta primera parte responde a los interrogantes sobre las consecuencias materiales y pol\u00edticas en las relaciones de clase que tiene el Gran Viraje, la industrializaci\u00f3n en la concepci\u00f3n de los bolcheviques, la alianza obrero-campesina y si, tras ello, puede hablarse realmente de un paso adelante en la construcci\u00f3n del socialismo o no. Dejamos que el lector eval\u00fae la consistencia y an\u00e1lisis de Charles Bettelheim.<\/p>\n","protected":false},"excerpt":{"rendered":"<p><a href=\"http:\/\/beta.doscuadrados.es\/wp-content\/uploads\/2023\/11\/Bettelheim-Charles-Las-luchas-de-clases-en-la-URSS-tomo-III-Versi\u251c\u2502n-digital.pdf\">DESCARGA<\/a><\/p>\n<p>En el primer tomo del tercer volumen de Las luchas de clases en la URSS, Bettelheim opta por revisar todos sus an\u00e1lisis previos expuestos en los dos vol\u00famenes precedentes. Si antes la Revoluci\u00f3n de Octubre era una revoluci\u00f3n proletaria con muchos peligros escondidos y heredados desde su nacimiento, ahora nunca fue una revoluci\u00f3n proletaria sino una revoluci\u00f3n capitalista de nuevo tipo, espec\u00edfica, particular, \u00fanica y que consta de dos fases: la propia de la NEP y la revoluci\u00f3n estalinista. Dos fases diferenciadas que marcan el dif\u00edcil desarrollo que tiene la clase dominante en la URSS para asentarse tanto en el Partido como en el Estado.<\/p>\n<p>Esta primera parte responde a los interrogantes sobre las consecuencias materiales y pol\u00edticas en las relaciones de clase que tiene el Gran Viraje, la industrializaci\u00f3n en la concepci\u00f3n de los bolcheviques, la alianza obrero-campesina y si, tras ello, puede hablarse realmente de un paso adelante en la construcci\u00f3n del socialismo o no. Dejamos que el lector eval\u00fae la consistencia y an\u00e1lisis de Charles Bettelheim.<\/p>\n","protected":false},"featured_media":39,"template":"","meta":[],"product_brand":[],"product_cat":[19],"product_tag":[],"class_list":{"0":"post-74","1":"product","2":"type-product","3":"status-publish","4":"has-post-thumbnail","6":"product_cat-doscuadrados","8":"first","9":"instock","10":"downloadable","11":"virtual","12":"purchasable","13":"product-type-simple"},"_links":{"self":[{"href":"https:\/\/beta.doscuadrados.es\/index.php\/wp-json\/wp\/v2\/product\/74","targetHints":{"allow":["GET"]}}],"collection":[{"href":"https:\/\/beta.doscuadrados.es\/index.php\/wp-json\/wp\/v2\/product"}],"about":[{"href":"https:\/\/beta.doscuadrados.es\/index.php\/wp-json\/wp\/v2\/types\/product"}],"wp:featuredmedia":[{"embeddable":true,"href":"https:\/\/beta.doscuadrados.es\/index.php\/wp-json\/wp\/v2\/media\/39"}],"wp:attachment":[{"href":"https:\/\/beta.doscuadrados.es\/index.php\/wp-json\/wp\/v2\/media?parent=74"}],"wp:term":[{"taxonomy":"product_brand","embeddable":true,"href":"https:\/\/beta.doscuadrados.es\/index.php\/wp-json\/wp\/v2\/product_brand?post=74"},{"taxonomy":"product_cat","embeddable":true,"href":"https:\/\/beta.doscuadrados.es\/index.php\/wp-json\/wp\/v2\/product_cat?post=74"},{"taxonomy":"product_tag","embeddable":true,"href":"https:\/\/beta.doscuadrados.es\/index.php\/wp-json\/wp\/v2\/product_tag?post=74"}],"curies":[{"name":"wp","href":"https:\/\/api.w.org\/{rel}","templated":true}]}}