{"id":76,"date":"2023-11-03T11:23:41","date_gmt":"2023-11-03T10:23:41","guid":{"rendered":"https:\/\/beta.doscuadrados.es\/?post_type=product&#038;p=76"},"modified":"2023-11-03T13:52:01","modified_gmt":"2023-11-03T12:52:01","slug":"isaak-rubin-ensayos-sobre-la-teoria-marxista-del-valor","status":"publish","type":"product","link":"https:\/\/beta.doscuadrados.es\/index.php\/product\/isaak-rubin-ensayos-sobre-la-teoria-marxista-del-valor\/","title":{"rendered":"Isaak Rubin &#8211; Ensayos sobre la teor\u00eda marxista del valor"},"content":{"rendered":"<p><a href=\"http:\/\/beta.doscuadrados.es\/wp-content\/uploads\/2023\/11\/Rubin-Isaak-Ensayos-de-la-teoria-marxista-del-valor-Versi\u251c\u2502n-Digital.pdf\">DESCARGA<\/a><\/p>\n<p>Isaak Rubin (1886-1937) muestra con esta excelente obra sobre la cr\u00edtica de la econom\u00eda pol\u00edtica dos aspectos inseparables del marxismo como movimiento dial\u00e9ctico te\u00f3rico-pr\u00e1ctico, esto es, como movimiento de la mediaci\u00f3n.<\/p>\n<p>Te\u00f3ricamente, es mediato porque el coraz\u00f3n de la sociedad capitalista no se puede descubrir desde el an\u00e1lisis de las formas econ\u00f3micas de su manifestaci\u00f3n (mistificaci\u00f3n capitalista) debido a que no hay acceso inmediato humano a los principios ontol\u00f3gicos (intuici\u00f3n, nous), esto es, son lo menos cognoscible y lo m\u00e1s dif\u00edcil para nosotros. Y, sin embargo, son el punto de partida necesario para poder entender racionalmente el funcionamiento de la sociedad capitalista. Para alcanzar tal punto de partida ello s\u00f3lo puede hacerse desde un movimiento regresivo.<\/p>\n<p>\u201cLa manera como se presentan las cosas no es la manera como son; y si las cosas fueran c\u00f3mo se presentan la ciencia entera sobrar\u00eda\u201d<\/p>\n<p>Del mismo modo, en su aspecto pr\u00e1ctico, que va unido al marxismo en un todo que aqu\u00ed separamos anal\u00edticamente, tambi\u00e9n es un movimiento mediato. El coraz\u00f3n de la sociedad capitalista no se puede atravesar desde la organizaci\u00f3n de los intereses inmediatos de sus afectados puesto que la revoluci\u00f3n requiere, antes de abordar aquellos, de la resoluci\u00f3n de una serie de presupuestos para poder solucionar los problemas cotidianos de las masas. Por ello, la historia del proletariado comunista tambi\u00e9n sigue un camino inverso y mediato.<\/p>\n<p>Es esta doble perspectiva la que ponemos a disposici\u00f3n del lector para que profundice en la comprensi\u00f3n revolucionaria de la obra de Marx.<\/p>\n","protected":false},"excerpt":{"rendered":"<p><a href=\"http:\/\/beta.doscuadrados.es\/wp-content\/uploads\/2023\/11\/Rubin-Isaak-Ensayos-de-la-teoria-marxista-del-valor-Versi\u251c\u2502n-Digital.pdf\">DESCARGA<\/a><\/p>\n<p>Isaak Rubin (1886-1937) muestra con esta excelente obra sobre la cr\u00edtica de la econom\u00eda pol\u00edtica dos aspectos inseparables del marxismo como movimiento dial\u00e9ctico te\u00f3rico-pr\u00e1ctico, esto es, como movimiento de la mediaci\u00f3n.<\/p>\n<p>Te\u00f3ricamente, es mediato porque el coraz\u00f3n de la sociedad capitalista no se puede descubrir desde el an\u00e1lisis de las formas econ\u00f3micas de su manifestaci\u00f3n (mistificaci\u00f3n capitalista) debido a que no hay acceso inmediato humano a los principios ontol\u00f3gicos (intuici\u00f3n, nous), esto es, son lo menos cognoscible y lo m\u00e1s dif\u00edcil para nosotros. Y, sin embargo, son el punto de partida necesario para poder entender racionalmente el funcionamiento de la sociedad capitalista. Para alcanzar tal punto de partida ello s\u00f3lo puede hacerse desde un movimiento regresivo.<\/p>\n<p>\u201cLa manera como se presentan las cosas no es la manera como son; y si las cosas fueran c\u00f3mo se presentan la ciencia entera sobrar\u00eda\u201d<\/p>\n<p>Del mismo modo, en su aspecto pr\u00e1ctico, que va unido al marxismo en un todo que aqu\u00ed separamos anal\u00edticamente, tambi\u00e9n es un movimiento mediato. El coraz\u00f3n de la sociedad capitalista no se puede atravesar desde la organizaci\u00f3n de los intereses inmediatos de sus afectados puesto que la revoluci\u00f3n requiere, antes de abordar aquellos, de la resoluci\u00f3n de una serie de presupuestos para poder solucionar los problemas cotidianos de las masas. Por ello, la historia del proletariado comunista tambi\u00e9n sigue un camino inverso y mediato.<\/p>\n<p>Es esta doble perspectiva la que ponemos a disposici\u00f3n del lector para que profundice en la comprensi\u00f3n revolucionaria de la obra de Marx.<\/p>\n","protected":false},"featured_media":53,"template":"","meta":[],"product_brand":[],"product_cat":[19],"product_tag":[],"class_list":{"0":"post-76","1":"product","2":"type-product","3":"status-publish","4":"has-post-thumbnail","6":"product_cat-doscuadrados","8":"first","9":"instock","10":"downloadable","11":"virtual","12":"purchasable","13":"product-type-simple"},"_links":{"self":[{"href":"https:\/\/beta.doscuadrados.es\/index.php\/wp-json\/wp\/v2\/product\/76","targetHints":{"allow":["GET"]}}],"collection":[{"href":"https:\/\/beta.doscuadrados.es\/index.php\/wp-json\/wp\/v2\/product"}],"about":[{"href":"https:\/\/beta.doscuadrados.es\/index.php\/wp-json\/wp\/v2\/types\/product"}],"wp:featuredmedia":[{"embeddable":true,"href":"https:\/\/beta.doscuadrados.es\/index.php\/wp-json\/wp\/v2\/media\/53"}],"wp:attachment":[{"href":"https:\/\/beta.doscuadrados.es\/index.php\/wp-json\/wp\/v2\/media?parent=76"}],"wp:term":[{"taxonomy":"product_brand","embeddable":true,"href":"https:\/\/beta.doscuadrados.es\/index.php\/wp-json\/wp\/v2\/product_brand?post=76"},{"taxonomy":"product_cat","embeddable":true,"href":"https:\/\/beta.doscuadrados.es\/index.php\/wp-json\/wp\/v2\/product_cat?post=76"},{"taxonomy":"product_tag","embeddable":true,"href":"https:\/\/beta.doscuadrados.es\/index.php\/wp-json\/wp\/v2\/product_tag?post=76"}],"curies":[{"name":"wp","href":"https:\/\/api.w.org\/{rel}","templated":true}]}}