{"id":77,"date":"2023-11-03T11:25:10","date_gmt":"2023-11-03T10:25:10","guid":{"rendered":"https:\/\/beta.doscuadrados.es\/?post_type=product&#038;p=77"},"modified":"2023-11-03T13:50:47","modified_gmt":"2023-11-03T12:50:47","slug":"karl-marx-notas-sobre-wagner-y-manuscritos-1861-1863","status":"publish","type":"product","link":"https:\/\/beta.doscuadrados.es\/index.php\/product\/karl-marx-notas-sobre-wagner-y-manuscritos-1861-1863\/","title":{"rendered":"Karl Marx &#8211; Notas sobre Wagner y manuscritos (1861-1863)"},"content":{"rendered":"<p><a href=\"http:\/\/beta.doscuadrados.es\/wp-content\/uploads\/2023\/11\/Marx-Notas-marginales-a-Wagner-y-Manuscritos-61-63-Versi\u251c\u2502n-Digital.pdf\">DESCARGA<\/a><\/p>\n<p>Los dos textos que aqu\u00ed presentamos, Notas marginales al Tratado de econom\u00eda pol\u00edtica de Adolph Wagner y los Manuscritos de 1861-1863 (com\u00fanmente conocidos como Progreso t\u00e9cnico y desarrollo capitalista, o como Capital y tecnolog\u00eda) llevan sin ser editados en el Estado espa\u00f1ol desde hace m\u00e1s de medio siglo. Para su edici\u00f3n hemos consultado todas las fuentes disponibles, tanto completas como incompletas, en castellano, ingl\u00e9s y alem\u00e1n, priorizando las traducciones que han corrido m\u00e1s suerte dentro de la tradici\u00f3n comunista en cuanto a la edici\u00f3n de Marx se refiere. El aparato de notas de Notas marginales al Tratado de econom\u00eda pol\u00edtica de Adolph Wagner pertenece \u00edntegramente a la labor de Jos\u00e9 Aric\u00f3 y F\u00e9lix Blanco.<\/p>\n<p>Con esta publicaci\u00f3n queremos resaltar los aspectos m\u00e1s olvidados de la cr\u00edtica de la econom\u00eda pol\u00edtica, con dos textos que creemos que merec\u00edan una reedici\u00f3n. Entre ambos textos median casi dos d\u00e9cadas de estudio y reflexi\u00f3n por parte de Marx, y la publicaci\u00f3n del primer tomo de su obra fundamental, El Capital. Con ello, queremos resaltar la importancia del estudio de la cr\u00edtica de la econom\u00eda pol\u00edtica en el presente, para sacudirnos de encima el yugo de la opresi\u00f3n capitalista y mandar al basurero de la historia esta forma caduca de organizaci\u00f3n social.<\/p>\n","protected":false},"excerpt":{"rendered":"<p><a href=\"http:\/\/beta.doscuadrados.es\/wp-content\/uploads\/2023\/11\/Marx-Notas-marginales-a-Wagner-y-Manuscritos-61-63-Versi\u251c\u2502n-Digital.pdf\">DESCARGA<\/a><\/p>\n<p>Los dos textos que aqu\u00ed presentamos, Notas marginales al Tratado de econom\u00eda pol\u00edtica de Adolph Wagner y los Manuscritos de 1861-1863 (com\u00fanmente conocidos como Progreso t\u00e9cnico y desarrollo capitalista, o como Capital y tecnolog\u00eda) llevan sin ser editados en el Estado espa\u00f1ol desde hace m\u00e1s de medio siglo. Para su edici\u00f3n hemos consultado todas las fuentes disponibles, tanto completas como incompletas, en castellano, ingl\u00e9s y alem\u00e1n, priorizando las traducciones que han corrido m\u00e1s suerte dentro de la tradici\u00f3n comunista en cuanto a la edici\u00f3n de Marx se refiere. El aparato de notas de Notas marginales al Tratado de econom\u00eda pol\u00edtica de Adolph Wagner pertenece \u00edntegramente a la labor de Jos\u00e9 Aric\u00f3 y F\u00e9lix Blanco.<\/p>\n<p>Con esta publicaci\u00f3n queremos resaltar los aspectos m\u00e1s olvidados de la cr\u00edtica de la econom\u00eda pol\u00edtica, con dos textos que creemos que merec\u00edan una reedici\u00f3n. Entre ambos textos median casi dos d\u00e9cadas de estudio y reflexi\u00f3n por parte de Marx, y la publicaci\u00f3n del primer tomo de su obra fundamental, El Capital. Con ello, queremos resaltar la importancia del estudio de la cr\u00edtica de la econom\u00eda pol\u00edtica en el presente, para sacudirnos de encima el yugo de la opresi\u00f3n capitalista y mandar al basurero de la historia esta forma caduca de organizaci\u00f3n social.<\/p>\n","protected":false},"featured_media":49,"template":"","meta":[],"product_brand":[],"product_cat":[19],"product_tag":[],"class_list":{"0":"post-77","1":"product","2":"type-product","3":"status-publish","4":"has-post-thumbnail","6":"product_cat-doscuadrados","8":"first","9":"instock","10":"downloadable","11":"virtual","12":"purchasable","13":"product-type-simple"},"_links":{"self":[{"href":"https:\/\/beta.doscuadrados.es\/index.php\/wp-json\/wp\/v2\/product\/77","targetHints":{"allow":["GET"]}}],"collection":[{"href":"https:\/\/beta.doscuadrados.es\/index.php\/wp-json\/wp\/v2\/product"}],"about":[{"href":"https:\/\/beta.doscuadrados.es\/index.php\/wp-json\/wp\/v2\/types\/product"}],"wp:featuredmedia":[{"embeddable":true,"href":"https:\/\/beta.doscuadrados.es\/index.php\/wp-json\/wp\/v2\/media\/49"}],"wp:attachment":[{"href":"https:\/\/beta.doscuadrados.es\/index.php\/wp-json\/wp\/v2\/media?parent=77"}],"wp:term":[{"taxonomy":"product_brand","embeddable":true,"href":"https:\/\/beta.doscuadrados.es\/index.php\/wp-json\/wp\/v2\/product_brand?post=77"},{"taxonomy":"product_cat","embeddable":true,"href":"https:\/\/beta.doscuadrados.es\/index.php\/wp-json\/wp\/v2\/product_cat?post=77"},{"taxonomy":"product_tag","embeddable":true,"href":"https:\/\/beta.doscuadrados.es\/index.php\/wp-json\/wp\/v2\/product_tag?post=77"}],"curies":[{"name":"wp","href":"https:\/\/api.w.org\/{rel}","templated":true}]}}