{"id":79,"date":"2023-11-03T11:26:13","date_gmt":"2023-11-03T10:26:13","guid":{"rendered":"https:\/\/beta.doscuadrados.es\/?post_type=product&#038;p=79"},"modified":"2023-11-03T13:49:46","modified_gmt":"2023-11-03T12:49:46","slug":"evald-v-ilienkov-obras-escogidas-vol-3","status":"publish","type":"product","link":"https:\/\/beta.doscuadrados.es\/index.php\/product\/evald-v-ilienkov-obras-escogidas-vol-3\/","title":{"rendered":"\u00c9vald V. Ilienkov &#8211; Obras escogidas. Vol. 3"},"content":{"rendered":"<p><a href=\"http:\/\/beta.doscuadrados.es\/wp-content\/uploads\/2023\/11\/Ili\u251c\u0439nkov-\u251c\u0419vald-V.-Obras-Escogidas-Vol-3-Versi\u251c\u2502n-digital.pdf\">DESCARGA<\/a><\/p>\n<p>El fil\u00f3sofo sovi\u00e9tico \u00c9vald Vasilievich Ili\u00e9nkov (1924-1979) fue uno de los pensadores m\u00e1s importantes de la tradici\u00f3n marxista del siglo XX.<\/p>\n<p>Este Volumen III est\u00e1 dedicado a sus textos de car\u00e1cter m\u00e1s psicol\u00f3gico y pedag\u00f3gico, y constituyen el mejor ejemplo de c\u00f3mo toda una generaci\u00f3n de intelectuales revolucionarios trabajaban por construir una nueva humanidad y luchaban por desterrar la vieja forma de vida capitalista y la explotaci\u00f3n. La lucha contra el biologicismo y el esencialismo es central en textos como Sobre la naturaleza de las capacidades o La escuela debe ense\u00f1ar a pensar, y da una muestra clara de qu\u00e9 significa la concepci\u00f3n materialista dial\u00e9ctica acerca del ser humano.<\/p>\n","protected":false},"excerpt":{"rendered":"<p><a href=\"http:\/\/beta.doscuadrados.es\/wp-content\/uploads\/2023\/11\/Ili\u251c\u0439nkov-\u251c\u0419vald-V.-Obras-Escogidas-Vol-3-Versi\u251c\u2502n-digital.pdf\">DESCARGA<\/a><\/p>\n<p>El fil\u00f3sofo sovi\u00e9tico \u00c9vald Vasilievich Ili\u00e9nkov (1924-1979) fue uno de los pensadores m\u00e1s importantes de la tradici\u00f3n marxista del siglo XX.<\/p>\n<p>Este Volumen III est\u00e1 dedicado a sus textos de car\u00e1cter m\u00e1s psicol\u00f3gico y pedag\u00f3gico, y constituyen el mejor ejemplo de c\u00f3mo toda una generaci\u00f3n de intelectuales revolucionarios trabajaban por construir una nueva humanidad y luchaban por desterrar la vieja forma de vida capitalista y la explotaci\u00f3n. La lucha contra el biologicismo y el esencialismo es central en textos como Sobre la naturaleza de las capacidades o La escuela debe ense\u00f1ar a pensar, y da una muestra clara de qu\u00e9 significa la concepci\u00f3n materialista dial\u00e9ctica acerca del ser humano.<\/p>\n","protected":false},"featured_media":45,"template":"","meta":[],"product_brand":[],"product_cat":[19],"product_tag":[],"class_list":{"0":"post-79","1":"product","2":"type-product","3":"status-publish","4":"has-post-thumbnail","6":"product_cat-doscuadrados","8":"first","9":"instock","10":"downloadable","11":"virtual","12":"purchasable","13":"product-type-simple"},"_links":{"self":[{"href":"https:\/\/beta.doscuadrados.es\/index.php\/wp-json\/wp\/v2\/product\/79","targetHints":{"allow":["GET"]}}],"collection":[{"href":"https:\/\/beta.doscuadrados.es\/index.php\/wp-json\/wp\/v2\/product"}],"about":[{"href":"https:\/\/beta.doscuadrados.es\/index.php\/wp-json\/wp\/v2\/types\/product"}],"wp:featuredmedia":[{"embeddable":true,"href":"https:\/\/beta.doscuadrados.es\/index.php\/wp-json\/wp\/v2\/media\/45"}],"wp:attachment":[{"href":"https:\/\/beta.doscuadrados.es\/index.php\/wp-json\/wp\/v2\/media?parent=79"}],"wp:term":[{"taxonomy":"product_brand","embeddable":true,"href":"https:\/\/beta.doscuadrados.es\/index.php\/wp-json\/wp\/v2\/product_brand?post=79"},{"taxonomy":"product_cat","embeddable":true,"href":"https:\/\/beta.doscuadrados.es\/index.php\/wp-json\/wp\/v2\/product_cat?post=79"},{"taxonomy":"product_tag","embeddable":true,"href":"https:\/\/beta.doscuadrados.es\/index.php\/wp-json\/wp\/v2\/product_tag?post=79"}],"curies":[{"name":"wp","href":"https:\/\/api.w.org\/{rel}","templated":true}]}}