{"id":80,"date":"2023-11-03T11:27:07","date_gmt":"2023-11-03T10:27:07","guid":{"rendered":"https:\/\/beta.doscuadrados.es\/?post_type=product&#038;p=80"},"modified":"2023-11-03T13:48:56","modified_gmt":"2023-11-03T12:48:56","slug":"vvaa-el-comunismo-ante-la-cuestion-lgtb","status":"publish","type":"product","link":"https:\/\/beta.doscuadrados.es\/index.php\/product\/vvaa-el-comunismo-ante-la-cuestion-lgtb\/","title":{"rendered":"VVAA &#8211; El comunismo ante la cuesti\u00f3n LGTB+"},"content":{"rendered":"<p><a href=\"http:\/\/beta.doscuadrados.es\/wp-content\/uploads\/2023\/11\/VV.AA_.-El-comunismo-ante-la-cuesti\u251c\u2502n-LGTB-Versi\u251c\u2502n-Digital.pdf\">DESCARGA<\/a><\/p>\n<p>Frente a cualquier reduccionismo, frente a cualquier conciliaci\u00f3n con la ideolog\u00eda burguesa, el comunismo debe ser reivindicado como ya lo definir\u00edan Marx y Engels: como el movimiento real que supera el estado de cosas actual. Este movimiento no se frena ante ninguna determinaci\u00f3n, ante ninguna forma de opresi\u00f3n. Conciliar con l\u00edneas chovinistas, mis\u00f3ginas, transexcluyentes o reaccionarias en general es un error que se paga muy caro: con la aniquilaci\u00f3n del potencial revolucionario.<\/p>\n<p>Con esta publicaci\u00f3n queremos hacer ver a cualquier camarada que busque teorizar sobre la cuesti\u00f3n LGTB+ desde una posici\u00f3n comunista que no est\u00e1 caminando por el desierto, sino que en nuestra historia m\u00e1s camaradas, organizaciones o movimientos se han tomado en serio esta cuesti\u00f3n, y han trabajado por construir la unidad de la clase al fuego de la lucha. Es la lucha revolucionaria la que forja la unidad de una clase diversa, y la que la prepara para su misi\u00f3n hist\u00f3rica: construir un nuevo mundo, libre de explotaci\u00f3n, de opresi\u00f3n y de miseria.<\/p>\n<p>Antes de cada texto recogido hemos incluido un peque\u00f1o p\u00e1rrafo a modo de introducci\u00f3n, para contextualizar la \u00e9poca, el movimiento o el objetivo de cada texto.<\/p>\n","protected":false},"excerpt":{"rendered":"<p><a href=\"http:\/\/beta.doscuadrados.es\/wp-content\/uploads\/2023\/11\/VV.AA_.-El-comunismo-ante-la-cuesti\u251c\u2502n-LGTB-Versi\u251c\u2502n-Digital.pdf\">DESCARGA<\/a><\/p>\n<p>Frente a cualquier reduccionismo, frente a cualquier conciliaci\u00f3n con la ideolog\u00eda burguesa, el comunismo debe ser reivindicado como ya lo definir\u00edan Marx y Engels: como el movimiento real que supera el estado de cosas actual. Este movimiento no se frena ante ninguna determinaci\u00f3n, ante ninguna forma de opresi\u00f3n. Conciliar con l\u00edneas chovinistas, mis\u00f3ginas, transexcluyentes o reaccionarias en general es un error que se paga muy caro: con la aniquilaci\u00f3n del potencial revolucionario.<\/p>\n<p>Con esta publicaci\u00f3n queremos hacer ver a cualquier camarada que busque teorizar sobre la cuesti\u00f3n LGTB+ desde una posici\u00f3n comunista que no est\u00e1 caminando por el desierto, sino que en nuestra historia m\u00e1s camaradas, organizaciones o movimientos se han tomado en serio esta cuesti\u00f3n, y han trabajado por construir la unidad de la clase al fuego de la lucha. Es la lucha revolucionaria la que forja la unidad de una clase diversa, y la que la prepara para su misi\u00f3n hist\u00f3rica: construir un nuevo mundo, libre de explotaci\u00f3n, de opresi\u00f3n y de miseria.<\/p>\n<p>Antes de cada texto recogido hemos incluido un peque\u00f1o p\u00e1rrafo a modo de introducci\u00f3n, para contextualizar la \u00e9poca, el movimiento o el objetivo de cada texto.<\/p>\n","protected":false},"featured_media":56,"template":"","meta":[],"product_brand":[],"product_cat":[19],"product_tag":[],"class_list":{"0":"post-80","1":"product","2":"type-product","3":"status-publish","4":"has-post-thumbnail","6":"product_cat-doscuadrados","8":"first","9":"instock","10":"downloadable","11":"virtual","12":"purchasable","13":"product-type-simple"},"_links":{"self":[{"href":"https:\/\/beta.doscuadrados.es\/index.php\/wp-json\/wp\/v2\/product\/80","targetHints":{"allow":["GET"]}}],"collection":[{"href":"https:\/\/beta.doscuadrados.es\/index.php\/wp-json\/wp\/v2\/product"}],"about":[{"href":"https:\/\/beta.doscuadrados.es\/index.php\/wp-json\/wp\/v2\/types\/product"}],"wp:featuredmedia":[{"embeddable":true,"href":"https:\/\/beta.doscuadrados.es\/index.php\/wp-json\/wp\/v2\/media\/56"}],"wp:attachment":[{"href":"https:\/\/beta.doscuadrados.es\/index.php\/wp-json\/wp\/v2\/media?parent=80"}],"wp:term":[{"taxonomy":"product_brand","embeddable":true,"href":"https:\/\/beta.doscuadrados.es\/index.php\/wp-json\/wp\/v2\/product_brand?post=80"},{"taxonomy":"product_cat","embeddable":true,"href":"https:\/\/beta.doscuadrados.es\/index.php\/wp-json\/wp\/v2\/product_cat?post=80"},{"taxonomy":"product_tag","embeddable":true,"href":"https:\/\/beta.doscuadrados.es\/index.php\/wp-json\/wp\/v2\/product_tag?post=80"}],"curies":[{"name":"wp","href":"https:\/\/api.w.org\/{rel}","templated":true}]}}