{"id":82,"date":"2023-11-03T11:28:04","date_gmt":"2023-11-03T10:28:04","guid":{"rendered":"https:\/\/beta.doscuadrados.es\/?post_type=product&#038;p=82"},"modified":"2023-11-03T13:48:04","modified_gmt":"2023-11-03T12:48:04","slug":"vvaa-el-debate-sovietico-sobre-la-ley-del-valor","status":"publish","type":"product","link":"https:\/\/beta.doscuadrados.es\/index.php\/product\/vvaa-el-debate-sovietico-sobre-la-ley-del-valor\/","title":{"rendered":"VVAA &#8211; El debate sovi\u00e9tico sobre la ley del valor"},"content":{"rendered":"<div><a href=\"http:\/\/beta.doscuadrados.es\/wp-content\/uploads\/2023\/11\/VVAA-El-debate-sovi\u251c\u0439tico-sobre-la-ley-del-valor-Versi\u251c\u2502n-digital.pdf\">DESCARGA<\/a><\/div>\n<div><\/div>\n<div class=\"w3-container w3-cell w3-mobile\">Si las leyes econ\u00f3micas fueran leyes naturales, entonces la \u00abley del valor\u00bb para Capitalismo ser\u00eda equivalente a la \u00abley de la gravitaci\u00f3n universal\u00bb para cualquier cuerpo con masa. \u00bfOpera la \u00abley del valor\u00bb en el Socialismo? \u00bfEs posible dominarla o es ella quien domina toda relaci\u00f3n social de la que es mediadora? Estas y otras preguntas son las que suscitaron \u00abel debate sovi\u00e9tico sobre la ley del valor\u00bb. Puesto que el problema de la transici\u00f3n al comunismo a\u00fan no ha sido resuelto, este debate trae sobre la mesa preguntas y respuestas que consideramos importantes y necesarias.<\/div>\n<div class=\"w3-container w3-cell w3-cell-middle w3-mobile\">\n<p>El libro recoge textos, cuyas traducciones han sido revisadas, de L. Trotsky, N. Bujarin, Y. Preobrazhenski, L. K\u00e1menev, I. Lapidus y K. V. Ostrovitianov. Todos ellos representantes de primera l\u00ednea en este debate, abierto, fundamentalmente, a partir de la \u00abNueva Pol\u00edtica Econ\u00f3mica\u00bb y que, a\u00fan hoy, consideramos de extraordinaria vigencia. Sirva esta recopilaci\u00f3n para reabrir, estudiar y profundizar en todos aquellos aspectos econ\u00f3micos del reto hist\u00f3rico m\u00e1s importante para nuestras generaciones; la tarea del per\u00edodo de transici\u00f3n hacia el comunismo.<\/p>\n<\/div>\n","protected":false},"excerpt":{"rendered":"<div><a href=\"http:\/\/beta.doscuadrados.es\/wp-content\/uploads\/2023\/11\/VVAA-El-debate-sovi\u251c\u0439tico-sobre-la-ley-del-valor-Versi\u251c\u2502n-digital.pdf\">DESCARGA<\/a><\/div>\n<div><\/div>\n<div class=\"w3-container w3-cell w3-mobile\">Si las leyes econ\u00f3micas fueran leyes naturales, entonces la \u00abley del valor\u00bb para Capitalismo ser\u00eda equivalente a la \u00abley de la gravitaci\u00f3n universal\u00bb para cualquier cuerpo con masa. \u00bfOpera la \u00abley del valor\u00bb en el Socialismo? \u00bfEs posible dominarla o es ella quien domina toda relaci\u00f3n social de la que es mediadora? Estas y otras preguntas son las que suscitaron \u00abel debate sovi\u00e9tico sobre la ley del valor\u00bb. Puesto que el problema de la transici\u00f3n al comunismo a\u00fan no ha sido resuelto, este debate trae sobre la mesa preguntas y respuestas que consideramos importantes y necesarias.<\/div>\n<div class=\"w3-container w3-cell w3-cell-middle w3-mobile\">\n<p>El libro recoge textos, cuyas traducciones han sido revisadas, de L. Trotsky, N. Bujarin, Y. Preobrazhenski, L. K\u00e1menev, I. Lapidus y K. V. Ostrovitianov. Todos ellos representantes de primera l\u00ednea en este debate, abierto, fundamentalmente, a partir de la \u00abNueva Pol\u00edtica Econ\u00f3mica\u00bb y que, a\u00fan hoy, consideramos de extraordinaria vigencia. Sirva esta recopilaci\u00f3n para reabrir, estudiar y profundizar en todos aquellos aspectos econ\u00f3micos del reto hist\u00f3rico m\u00e1s importante para nuestras generaciones; la tarea del per\u00edodo de transici\u00f3n hacia el comunismo.<\/p>\n<\/div>\n","protected":false},"featured_media":54,"template":"","meta":[],"product_brand":[],"product_cat":[19],"product_tag":[],"class_list":{"0":"post-82","1":"product","2":"type-product","3":"status-publish","4":"has-post-thumbnail","6":"product_cat-doscuadrados","8":"first","9":"instock","10":"downloadable","11":"virtual","12":"purchasable","13":"product-type-simple"},"_links":{"self":[{"href":"https:\/\/beta.doscuadrados.es\/index.php\/wp-json\/wp\/v2\/product\/82","targetHints":{"allow":["GET"]}}],"collection":[{"href":"https:\/\/beta.doscuadrados.es\/index.php\/wp-json\/wp\/v2\/product"}],"about":[{"href":"https:\/\/beta.doscuadrados.es\/index.php\/wp-json\/wp\/v2\/types\/product"}],"wp:featuredmedia":[{"embeddable":true,"href":"https:\/\/beta.doscuadrados.es\/index.php\/wp-json\/wp\/v2\/media\/54"}],"wp:attachment":[{"href":"https:\/\/beta.doscuadrados.es\/index.php\/wp-json\/wp\/v2\/media?parent=82"}],"wp:term":[{"taxonomy":"product_brand","embeddable":true,"href":"https:\/\/beta.doscuadrados.es\/index.php\/wp-json\/wp\/v2\/product_brand?post=82"},{"taxonomy":"product_cat","embeddable":true,"href":"https:\/\/beta.doscuadrados.es\/index.php\/wp-json\/wp\/v2\/product_cat?post=82"},{"taxonomy":"product_tag","embeddable":true,"href":"https:\/\/beta.doscuadrados.es\/index.php\/wp-json\/wp\/v2\/product_tag?post=82"}],"curies":[{"name":"wp","href":"https:\/\/api.w.org\/{rel}","templated":true}]}}