{"id":84,"date":"2023-11-03T11:29:02","date_gmt":"2023-11-03T10:29:02","guid":{"rendered":"https:\/\/beta.doscuadrados.es\/?post_type=product&#038;p=84"},"modified":"2023-11-03T13:46:16","modified_gmt":"2023-11-03T12:46:16","slug":"evald-v-ilienkov-logica-dialectica","status":"publish","type":"product","link":"https:\/\/beta.doscuadrados.es\/index.php\/product\/evald-v-ilienkov-logica-dialectica\/","title":{"rendered":"\u00c9vald V. Ilienkov &#8211; L\u00f3gica dial\u00e9ctica"},"content":{"rendered":"<p><a href=\"http:\/\/beta.doscuadrados.es\/wp-content\/uploads\/2023\/11\/L\u251c\u2502gica-Dial\u251c\u0439ctica-\u251c\u0419vald-Ili\u251c\u0439nkov-Versi\u251c\u2502n-Digital.pdf\">DESCARGA<\/a><\/p>\n<p>L\u00f3gica dial\u00e9ctica. Ensayos de historia y teor\u00eda es la obra maestra (magnum opus) de Evald V. Ili\u00e9nkov. Esto no significa que sea la m\u00e1s original o innovadora. De hecho, casi todas las ideas principales que Ili\u00e9nkov expone en este libro (publicado originalmente en 1974) ya hab\u00edan sido desarrolladas por \u00e9l en textos anteriores. Lo que Ili\u00e9nkov ofrece en este libro es, pues, una sistematizaci\u00f3n de su pensamiento, o, lo que es lo mismo, una reconstrucci\u00f3n de sus hallazgos filos\u00f3ficos bajo la forma del desenvolvimiento objetivo de la \u201cpiedra angular\u201d o problema central de su filosof\u00eda: la pregunta \u00bfqu\u00e9 es el pensamiento? En otras palabras, L\u00f3gica Dial\u00e9ctica es el intento de Ili\u00e9nkov de aplicar a su propio pensamiento la idea de Marx de que \u00abel m\u00e9todo de exposici\u00f3n debe distinguirse formalmente del m\u00e9todo de investigaci\u00f3n. La investigaci\u00f3n ha de tender a asimilarse en detalle la materia investigada, a analizar sus diversas formas de desarrollo y a descubrir sus nexos internos. S\u00f3lo despu\u00e9s de coronada esta labor, puede el investigador proceder a exponer adecuadamente el movimiento real\u00bb.<\/p>\n","protected":false},"excerpt":{"rendered":"<p><a href=\"http:\/\/beta.doscuadrados.es\/wp-content\/uploads\/2023\/11\/L\u251c\u2502gica-Dial\u251c\u0439ctica-\u251c\u0419vald-Ili\u251c\u0439nkov-Versi\u251c\u2502n-Digital.pdf\">DESCARGA<\/a><\/p>\n<p>L\u00f3gica dial\u00e9ctica. Ensayos de historia y teor\u00eda es la obra maestra (magnum opus) de Evald V. Ili\u00e9nkov. Esto no significa que sea la m\u00e1s original o innovadora. De hecho, casi todas las ideas principales que Ili\u00e9nkov expone en este libro (publicado originalmente en 1974) ya hab\u00edan sido desarrolladas por \u00e9l en textos anteriores. Lo que Ili\u00e9nkov ofrece en este libro es, pues, una sistematizaci\u00f3n de su pensamiento, o, lo que es lo mismo, una reconstrucci\u00f3n de sus hallazgos filos\u00f3ficos bajo la forma del desenvolvimiento objetivo de la \u201cpiedra angular\u201d o problema central de su filosof\u00eda: la pregunta \u00bfqu\u00e9 es el pensamiento? En otras palabras, L\u00f3gica Dial\u00e9ctica es el intento de Ili\u00e9nkov de aplicar a su propio pensamiento la idea de Marx de que \u00abel m\u00e9todo de exposici\u00f3n debe distinguirse formalmente del m\u00e9todo de investigaci\u00f3n. La investigaci\u00f3n ha de tender a asimilarse en detalle la materia investigada, a analizar sus diversas formas de desarrollo y a descubrir sus nexos internos. S\u00f3lo despu\u00e9s de coronada esta labor, puede el investigador proceder a exponer adecuadamente el movimiento real\u00bb.<\/p>\n","protected":false},"featured_media":47,"template":"","meta":[],"product_brand":[],"product_cat":[19],"product_tag":[],"class_list":{"0":"post-84","1":"product","2":"type-product","3":"status-publish","4":"has-post-thumbnail","6":"product_cat-doscuadrados","8":"first","9":"instock","10":"downloadable","11":"virtual","12":"purchasable","13":"product-type-simple"},"_links":{"self":[{"href":"https:\/\/beta.doscuadrados.es\/index.php\/wp-json\/wp\/v2\/product\/84","targetHints":{"allow":["GET"]}}],"collection":[{"href":"https:\/\/beta.doscuadrados.es\/index.php\/wp-json\/wp\/v2\/product"}],"about":[{"href":"https:\/\/beta.doscuadrados.es\/index.php\/wp-json\/wp\/v2\/types\/product"}],"wp:featuredmedia":[{"embeddable":true,"href":"https:\/\/beta.doscuadrados.es\/index.php\/wp-json\/wp\/v2\/media\/47"}],"wp:attachment":[{"href":"https:\/\/beta.doscuadrados.es\/index.php\/wp-json\/wp\/v2\/media?parent=84"}],"wp:term":[{"taxonomy":"product_brand","embeddable":true,"href":"https:\/\/beta.doscuadrados.es\/index.php\/wp-json\/wp\/v2\/product_brand?post=84"},{"taxonomy":"product_cat","embeddable":true,"href":"https:\/\/beta.doscuadrados.es\/index.php\/wp-json\/wp\/v2\/product_cat?post=84"},{"taxonomy":"product_tag","embeddable":true,"href":"https:\/\/beta.doscuadrados.es\/index.php\/wp-json\/wp\/v2\/product_tag?post=84"}],"curies":[{"name":"wp","href":"https:\/\/api.w.org\/{rel}","templated":true}]}}