{"id":86,"date":"2023-11-03T11:30:01","date_gmt":"2023-11-03T10:30:01","guid":{"rendered":"https:\/\/beta.doscuadrados.es\/?post_type=product&#038;p=86"},"modified":"2023-11-03T13:45:07","modified_gmt":"2023-11-03T12:45:07","slug":"karel-kosik-dialectica-de-lo-concreto-y-otros-escritos","status":"publish","type":"product","link":"https:\/\/beta.doscuadrados.es\/index.php\/product\/karel-kosik-dialectica-de-lo-concreto-y-otros-escritos\/","title":{"rendered":"Karel Kosik &#8211; Dial\u00e9ctica de lo concreto y otros escritos"},"content":{"rendered":"<p><a href=\"http:\/\/beta.doscuadrados.es\/wp-content\/uploads\/2023\/11\/Dial\u251c\u0439ctica-de-lo-concreto-Karel-Kos\u251c\u043dk-Versi\u251c\u2502n-Digital.pdf\">DESCARGA<\/a><\/p>\n<p>El checoslovaco Karel Kos\u00edk (1926-2003) fue uno de los mayores exponentes de la filosof\u00eda marxista proveniente del otro lado del muro. Este volumen contiene su obra m\u00e1s popular y relevante \u201cDial\u00e9ctica de lo concreto (Estudios sobre los problemas del hombre y el mundo)\u201d publicada en 1963, la cual es considerado uno de los mayores exponentes de la b\u00fasqueda de una teor\u00eda ontol\u00f3gica realizada desde el materialismo hist\u00f3rico. Influenciado especialmente por la fenomenolog\u00eda burguesa occidental y el trabajo de Gramsci y Luk\u00e1cs, su trabajo fue posteriormente censurado y descalificado por las autoridades checoslovacas tras la reinstauraci\u00f3n del orden pro-sovi\u00e9tico, pasando a trabajar en una gasolinera y haciendo un trabajo filos\u00f3fico subterr\u00e1neo, que posteriormente, tras la ca\u00edda del bloque del este, podr\u00eda publicar.<\/p>\n<p>Este volumen tambi\u00e9n contiene otros de sus m\u00e1s importantes trabajos durante las d\u00e9cadas de 1950 y 1960, divididos en dos periodos temporales y tem\u00e1ticos: el primero, sus obras de corte m\u00e1s filos\u00f3fico y apegadas a lo tratado en \u201cDial\u00e9ctica de lo concreto\u201d, como \u201c\u00bfQui\u00e9n es el hombre?\u201d (1963) o \u201cEl individuo y la historia\u201d (1967), y una segunda etapa marcada por textos principalmente enfocados en el momento hist\u00f3rico checoslovaco que dan una mayor explicaci\u00f3n de su propia mano de la posici\u00f3n de Kos\u00edk ante la Primavera de Praga y la deriva pol\u00edtica del bloque sovi\u00e9tico.<\/p>\n","protected":false},"excerpt":{"rendered":"<p><a href=\"http:\/\/beta.doscuadrados.es\/wp-content\/uploads\/2023\/11\/Dial\u251c\u0439ctica-de-lo-concreto-Karel-Kos\u251c\u043dk-Versi\u251c\u2502n-Digital.pdf\">DESCARGA<\/a><\/p>\n<p>El checoslovaco Karel Kos\u00edk (1926-2003) fue uno de los mayores exponentes de la filosof\u00eda marxista proveniente del otro lado del muro. Este volumen contiene su obra m\u00e1s popular y relevante \u201cDial\u00e9ctica de lo concreto (Estudios sobre los problemas del hombre y el mundo)\u201d publicada en 1963, la cual es considerado uno de los mayores exponentes de la b\u00fasqueda de una teor\u00eda ontol\u00f3gica realizada desde el materialismo hist\u00f3rico. Influenciado especialmente por la fenomenolog\u00eda burguesa occidental y el trabajo de Gramsci y Luk\u00e1cs, su trabajo fue posteriormente censurado y descalificado por las autoridades checoslovacas tras la reinstauraci\u00f3n del orden pro-sovi\u00e9tico, pasando a trabajar en una gasolinera y haciendo un trabajo filos\u00f3fico subterr\u00e1neo, que posteriormente, tras la ca\u00edda del bloque del este, podr\u00eda publicar.<\/p>\n<p>Este volumen tambi\u00e9n contiene otros de sus m\u00e1s importantes trabajos durante las d\u00e9cadas de 1950 y 1960, divididos en dos periodos temporales y tem\u00e1ticos: el primero, sus obras de corte m\u00e1s filos\u00f3fico y apegadas a lo tratado en \u201cDial\u00e9ctica de lo concreto\u201d, como \u201c\u00bfQui\u00e9n es el hombre?\u201d (1963) o \u201cEl individuo y la historia\u201d (1967), y una segunda etapa marcada por textos principalmente enfocados en el momento hist\u00f3rico checoslovaco que dan una mayor explicaci\u00f3n de su propia mano de la posici\u00f3n de Kos\u00edk ante la Primavera de Praga y la deriva pol\u00edtica del bloque sovi\u00e9tico.<\/p>\n","protected":false},"featured_media":46,"template":"","meta":[],"product_brand":[],"product_cat":[19],"product_tag":[],"class_list":{"0":"post-86","1":"product","2":"type-product","3":"status-publish","4":"has-post-thumbnail","6":"product_cat-doscuadrados","8":"first","9":"instock","10":"downloadable","11":"virtual","12":"purchasable","13":"product-type-simple"},"_links":{"self":[{"href":"https:\/\/beta.doscuadrados.es\/index.php\/wp-json\/wp\/v2\/product\/86","targetHints":{"allow":["GET"]}}],"collection":[{"href":"https:\/\/beta.doscuadrados.es\/index.php\/wp-json\/wp\/v2\/product"}],"about":[{"href":"https:\/\/beta.doscuadrados.es\/index.php\/wp-json\/wp\/v2\/types\/product"}],"wp:featuredmedia":[{"embeddable":true,"href":"https:\/\/beta.doscuadrados.es\/index.php\/wp-json\/wp\/v2\/media\/46"}],"wp:attachment":[{"href":"https:\/\/beta.doscuadrados.es\/index.php\/wp-json\/wp\/v2\/media?parent=86"}],"wp:term":[{"taxonomy":"product_brand","embeddable":true,"href":"https:\/\/beta.doscuadrados.es\/index.php\/wp-json\/wp\/v2\/product_brand?post=86"},{"taxonomy":"product_cat","embeddable":true,"href":"https:\/\/beta.doscuadrados.es\/index.php\/wp-json\/wp\/v2\/product_cat?post=86"},{"taxonomy":"product_tag","embeddable":true,"href":"https:\/\/beta.doscuadrados.es\/index.php\/wp-json\/wp\/v2\/product_tag?post=86"}],"curies":[{"name":"wp","href":"https:\/\/api.w.org\/{rel}","templated":true}]}}