{"id":88,"date":"2023-11-03T11:32:42","date_gmt":"2023-11-03T10:32:42","guid":{"rendered":"https:\/\/beta.doscuadrados.es\/?post_type=product&#038;p=88"},"modified":"2023-11-03T13:42:43","modified_gmt":"2023-11-03T12:42:43","slug":"roman-rosdolsky-sobre-la-genesis-de-el-capital-de-marx","status":"publish","type":"product","link":"https:\/\/beta.doscuadrados.es\/index.php\/product\/roman-rosdolsky-sobre-la-genesis-de-el-capital-de-marx\/","title":{"rendered":"Roman Rosdolsky &#8211; Sobre la g\u00e9nesis de \u00abEl Capital\u00bb de Marx"},"content":{"rendered":"<p><a href=\"http:\/\/beta.doscuadrados.es\/wp-content\/uploads\/2023\/11\/Rosdolsky-Roman-Sobre-la-g\u251c\u0439nesis-de-El-capital-de-Marx-Versi\u251c\u2502n-digital.pdf\">DESCARGA<\/a><\/p>\n<p>Tras emigrar a los Estados Unidos, Rosdolsky consigui\u00f3, en 1948, una de las pocas copias de los manuscritos econ\u00f3micos de 1857-1858 de Marx disponibles en aquel momento. Pronto se dio cuenta de que pese a su falta de estructura y su complejidad argumental, los Grundisse eran una obra fundamental para entender el m\u00e9todo y la evoluci\u00f3n en el pensamiento marxiano. La edici\u00f3n alemana, publicada en 1968, de Sobre la g\u00e9nesis de El Capital de Marx fue la primera obra que realizaba un estudio sistem\u00e1tico de lo que Rosdolsky denomin\u00f3 \u201cel laboratorio econ\u00f3mico de Marx\u201d.<\/p>\n<p>El libro que tienes entre las manos ofrece, al mismo tiempo, un estudio minucioso y una sistematizaci\u00f3n cr\u00edtica a uno de los textos marxianos menos estudiados fuera de los c\u00edrculos acad\u00e9micos. En \u00e9l, se analizan aspectos del pensamiento de Marx que todav\u00eda en la actualidad suscitan debate. Ejemplo de esto son la unidad y diferencia del capital -como capital en general y m\u00faltiples capitales en competencia- o la supresi\u00f3n, en el socialismo, del valor como regulador de la reproducci\u00f3n social. En este sentido, su publicaci\u00f3n pretende ser una invitaci\u00f3n a dilucidarlos y contribuir a una organizaci\u00f3n social al margen del capital.<\/p>\n","protected":false},"excerpt":{"rendered":"<p><a href=\"http:\/\/beta.doscuadrados.es\/wp-content\/uploads\/2023\/11\/Rosdolsky-Roman-Sobre-la-g\u251c\u0439nesis-de-El-capital-de-Marx-Versi\u251c\u2502n-digital.pdf\">DESCARGA<\/a><\/p>\n<p>Tras emigrar a los Estados Unidos, Rosdolsky consigui\u00f3, en 1948, una de las pocas copias de los manuscritos econ\u00f3micos de 1857-1858 de Marx disponibles en aquel momento. Pronto se dio cuenta de que pese a su falta de estructura y su complejidad argumental, los Grundisse eran una obra fundamental para entender el m\u00e9todo y la evoluci\u00f3n en el pensamiento marxiano. La edici\u00f3n alemana, publicada en 1968, de Sobre la g\u00e9nesis de El Capital de Marx fue la primera obra que realizaba un estudio sistem\u00e1tico de lo que Rosdolsky denomin\u00f3 \u201cel laboratorio econ\u00f3mico de Marx\u201d.<\/p>\n<p>El libro que tienes entre las manos ofrece, al mismo tiempo, un estudio minucioso y una sistematizaci\u00f3n cr\u00edtica a uno de los textos marxianos menos estudiados fuera de los c\u00edrculos acad\u00e9micos. En \u00e9l, se analizan aspectos del pensamiento de Marx que todav\u00eda en la actualidad suscitan debate. Ejemplo de esto son la unidad y diferencia del capital -como capital en general y m\u00faltiples capitales en competencia- o la supresi\u00f3n, en el socialismo, del valor como regulador de la reproducci\u00f3n social. En este sentido, su publicaci\u00f3n pretende ser una invitaci\u00f3n a dilucidarlos y contribuir a una organizaci\u00f3n social al margen del capital.<\/p>\n","protected":false},"featured_media":51,"template":"","meta":[],"product_brand":[],"product_cat":[19],"product_tag":[],"class_list":{"0":"post-88","1":"product","2":"type-product","3":"status-publish","4":"has-post-thumbnail","6":"product_cat-doscuadrados","8":"first","9":"instock","10":"downloadable","11":"virtual","12":"purchasable","13":"product-type-simple"},"_links":{"self":[{"href":"https:\/\/beta.doscuadrados.es\/index.php\/wp-json\/wp\/v2\/product\/88","targetHints":{"allow":["GET"]}}],"collection":[{"href":"https:\/\/beta.doscuadrados.es\/index.php\/wp-json\/wp\/v2\/product"}],"about":[{"href":"https:\/\/beta.doscuadrados.es\/index.php\/wp-json\/wp\/v2\/types\/product"}],"wp:featuredmedia":[{"embeddable":true,"href":"https:\/\/beta.doscuadrados.es\/index.php\/wp-json\/wp\/v2\/media\/51"}],"wp:attachment":[{"href":"https:\/\/beta.doscuadrados.es\/index.php\/wp-json\/wp\/v2\/media?parent=88"}],"wp:term":[{"taxonomy":"product_brand","embeddable":true,"href":"https:\/\/beta.doscuadrados.es\/index.php\/wp-json\/wp\/v2\/product_brand?post=88"},{"taxonomy":"product_cat","embeddable":true,"href":"https:\/\/beta.doscuadrados.es\/index.php\/wp-json\/wp\/v2\/product_cat?post=88"},{"taxonomy":"product_tag","embeddable":true,"href":"https:\/\/beta.doscuadrados.es\/index.php\/wp-json\/wp\/v2\/product_tag?post=88"}],"curies":[{"name":"wp","href":"https:\/\/api.w.org\/{rel}","templated":true}]}}