{"id":89,"date":"2023-11-03T11:33:32","date_gmt":"2023-11-03T10:33:32","guid":{"rendered":"https:\/\/beta.doscuadrados.es\/?post_type=product&#038;p=89"},"modified":"2023-11-03T13:41:53","modified_gmt":"2023-11-03T12:41:53","slug":"bambirra-y-dos-santos-estrategia-y-tactica-en-marx-y-engels","status":"publish","type":"product","link":"https:\/\/beta.doscuadrados.es\/index.php\/product\/bambirra-y-dos-santos-estrategia-y-tactica-en-marx-y-engels\/","title":{"rendered":"Bambirra y Dos Santos &#8211; Estrategia y t\u00e1ctica en Marx y Engels"},"content":{"rendered":"<p><a href=\"http:\/\/beta.doscuadrados.es\/wp-content\/uploads\/2023\/11\/Bambirra_y_Dos_Santos_Estrategia_y_tactica_en_Marx_y_Engels_Version.pdf\">DESCARGA<\/a><\/p>\n<p>El presente libro ofrece una inmejorable introducci\u00f3n a la hora de sumergirse en el pensamiento pol\u00edtico revolucionario de Marx y Engels. Para los padres del comunismo revolucionario, las luchas reales son las acciones subjetivas en que se objetiva el conflicto de clases. Y son, en base a esas mismas luchas, como puede determinarse la variabilidad del contenido de la subjetividad (la conciencia, la coherencia de la acci\u00f3n) as\u00ed como la direcci\u00f3n y la composici\u00f3n social presente. La correcta relaci\u00f3n entre la estrategia y la t\u00e1ctica revolucionaria es lo que permite definir los ejes esenciales del proceso de constituci\u00f3n pol\u00edtica en clase del proletariado, esto es, 1) su unidad inmediata de clase; 2) su capacitaci\u00f3n pol\u00edtica y; 3) su poder social efectivo.<\/p>\n<p>En base a ello se puede hablar de si el movimiento obrero es revolucionario o no. Es de este modo, para Marx y Engels, como puede pensarse una pol\u00edtica de clase que sea efectiva e independiente. Efectiva en un doble sentido de: 1) ser adecuada a las necesidades que est\u00e1n hist\u00f3ricamente en conflicto y 2) efectiva por ajustarse a las condiciones en que la lucha ha de librarse. Independiente porque 1) supone una diferenciaci\u00f3n pol\u00edtica e ideol\u00f3gica; 2) conlleva autonomizaci\u00f3n formal (estructuraci\u00f3n organizativa propia); y 3) forja la independencia de clase (o autonom\u00eda real).<\/p>\n","protected":false},"excerpt":{"rendered":"<p><a href=\"http:\/\/beta.doscuadrados.es\/wp-content\/uploads\/2023\/11\/Bambirra_y_Dos_Santos_Estrategia_y_tactica_en_Marx_y_Engels_Version.pdf\">DESCARGA<\/a><\/p>\n<p>El presente libro ofrece una inmejorable introducci\u00f3n a la hora de sumergirse en el pensamiento pol\u00edtico revolucionario de Marx y Engels. Para los padres del comunismo revolucionario, las luchas reales son las acciones subjetivas en que se objetiva el conflicto de clases. Y son, en base a esas mismas luchas, como puede determinarse la variabilidad del contenido de la subjetividad (la conciencia, la coherencia de la acci\u00f3n) as\u00ed como la direcci\u00f3n y la composici\u00f3n social presente. La correcta relaci\u00f3n entre la estrategia y la t\u00e1ctica revolucionaria es lo que permite definir los ejes esenciales del proceso de constituci\u00f3n pol\u00edtica en clase del proletariado, esto es, 1) su unidad inmediata de clase; 2) su capacitaci\u00f3n pol\u00edtica y; 3) su poder social efectivo.<\/p>\n<p>En base a ello se puede hablar de si el movimiento obrero es revolucionario o no. Es de este modo, para Marx y Engels, como puede pensarse una pol\u00edtica de clase que sea efectiva e independiente. Efectiva en un doble sentido de: 1) ser adecuada a las necesidades que est\u00e1n hist\u00f3ricamente en conflicto y 2) efectiva por ajustarse a las condiciones en que la lucha ha de librarse. Independiente porque 1) supone una diferenciaci\u00f3n pol\u00edtica e ideol\u00f3gica; 2) conlleva autonomizaci\u00f3n formal (estructuraci\u00f3n organizativa propia); y 3) forja la independencia de clase (o autonom\u00eda real).<\/p>\n","protected":false},"featured_media":37,"template":"","meta":[],"product_brand":[],"product_cat":[19],"product_tag":[],"class_list":{"0":"post-89","1":"product","2":"type-product","3":"status-publish","4":"has-post-thumbnail","6":"product_cat-doscuadrados","8":"first","9":"instock","10":"downloadable","11":"virtual","12":"purchasable","13":"product-type-simple"},"_links":{"self":[{"href":"https:\/\/beta.doscuadrados.es\/index.php\/wp-json\/wp\/v2\/product\/89","targetHints":{"allow":["GET"]}}],"collection":[{"href":"https:\/\/beta.doscuadrados.es\/index.php\/wp-json\/wp\/v2\/product"}],"about":[{"href":"https:\/\/beta.doscuadrados.es\/index.php\/wp-json\/wp\/v2\/types\/product"}],"wp:featuredmedia":[{"embeddable":true,"href":"https:\/\/beta.doscuadrados.es\/index.php\/wp-json\/wp\/v2\/media\/37"}],"wp:attachment":[{"href":"https:\/\/beta.doscuadrados.es\/index.php\/wp-json\/wp\/v2\/media?parent=89"}],"wp:term":[{"taxonomy":"product_brand","embeddable":true,"href":"https:\/\/beta.doscuadrados.es\/index.php\/wp-json\/wp\/v2\/product_brand?post=89"},{"taxonomy":"product_cat","embeddable":true,"href":"https:\/\/beta.doscuadrados.es\/index.php\/wp-json\/wp\/v2\/product_cat?post=89"},{"taxonomy":"product_tag","embeddable":true,"href":"https:\/\/beta.doscuadrados.es\/index.php\/wp-json\/wp\/v2\/product_tag?post=89"}],"curies":[{"name":"wp","href":"https:\/\/api.w.org\/{rel}","templated":true}]}}