{"id":91,"date":"2023-11-03T11:34:13","date_gmt":"2023-11-03T10:34:13","guid":{"rendered":"https:\/\/beta.doscuadrados.es\/?post_type=product&#038;p=91"},"modified":"2023-11-03T13:41:08","modified_gmt":"2023-11-03T12:41:08","slug":"bambirra-y-dos-santos-estrategia-y-tactica-en-lenin","status":"publish","type":"product","link":"https:\/\/beta.doscuadrados.es\/index.php\/product\/bambirra-y-dos-santos-estrategia-y-tactica-en-lenin\/","title":{"rendered":"Bambirra y Dos Santos &#8211; Estrategia y t\u00e1ctica en Lenin"},"content":{"rendered":"<p><a href=\"http:\/\/beta.doscuadrados.es\/wp-content\/uploads\/2023\/11\/Bambirra_y_Dos_Santos_Estrategia_y_tactica_en_Lenin_Version_Digital.pdf\">DESCARGA<\/a><\/p>\n<p>Dirigente de la primera revoluci\u00f3n proletaria de la historia (con el permiso de la Comuna de Par\u00eds) en la figura de Lenin se concentran excelentes -y m\u00faltiples- cualidades en un dirigente comunista y revolucionario; como por ejemplo, la de ser un te\u00f3rico de la revoluci\u00f3n, un gran estratega o un excelso propagandista y agitador. Por ello, en \u00e9l no s\u00f3lo destaca su trayectoria como militante pol\u00edtico (al orientar su pensamiento pol\u00edtico hacia la praxis concreta con una consistencia y sistematicidad que no se dan en otros casos) sino tambi\u00e9n la importancia pol\u00edtico-pr\u00e1ctica de la precisi\u00f3n intelectual y la coherencia racional a la hora de intervenir sobre la realidad. La historia exitosa del partido bolchevique se debe, en buena medida, a la diferenciaci\u00f3n que Lenin establece entre el plano hist\u00f3rico y el pol\u00edtico-pr\u00e1ctico, entre el largo plazo y el corto-medio plazo, entre el inter\u00e9s general y la coyuntura particular para poder establecer la actividad pol\u00edtica concreta.<\/p>\n<p>Ser\u00e1 el estudio de las pr\u00e1cticas sociales y pol\u00edticas de acuerdo con las determinaciones hist\u00f3ricas lo que dar\u00e1 cuerpo a su famosa frase de \u00aban\u00e1lisis concreto de la situaci\u00f3n concreta\u00bb que, resumidamente, puede definirse como el an\u00e1lisis de: 1) las condiciones objetivas y subjetivas de partida; 2) la din\u00e1mica del desarrollo social del capitalismo y de la lucha de clases; 3) la correlaci\u00f3n de fuerzas de clase y; 4) el marco territorial en el que se act\u00faa con su correspondiente superestructura pol\u00edtica.<\/p>\n<p>Y si esto se da en el curso de la revoluci\u00f3n de 1905 y de 1917; su pensamiento no se quedar\u00e1 acotado a la realidad de la Rusia zarista sino que se pondr\u00e1 en m\u00e1xima tensi\u00f3n con respecto a la situaci\u00f3n internacional del proletariado y las necesidades de la revoluci\u00f3n proletaria mundial (teor\u00eda del imperialismo, creaci\u00f3n de la III Internacional, posici\u00f3n frente a la guerra imperialista, defensa del derecho de autodeterminaci\u00f3n etc.) a fin de lograr la m\u00e1s amplia unidad internacionalista entre la clase obrera rusa y mundial.<\/p>\n","protected":false},"excerpt":{"rendered":"<p><a href=\"http:\/\/beta.doscuadrados.es\/wp-content\/uploads\/2023\/11\/Bambirra_y_Dos_Santos_Estrategia_y_tactica_en_Lenin_Version_Digital.pdf\">DESCARGA<\/a><\/p>\n<p>Dirigente de la primera revoluci\u00f3n proletaria de la historia (con el permiso de la Comuna de Par\u00eds) en la figura de Lenin se concentran excelentes -y m\u00faltiples- cualidades en un dirigente comunista y revolucionario; como por ejemplo, la de ser un te\u00f3rico de la revoluci\u00f3n, un gran estratega o un excelso propagandista y agitador. Por ello, en \u00e9l no s\u00f3lo destaca su trayectoria como militante pol\u00edtico (al orientar su pensamiento pol\u00edtico hacia la praxis concreta con una consistencia y sistematicidad que no se dan en otros casos) sino tambi\u00e9n la importancia pol\u00edtico-pr\u00e1ctica de la precisi\u00f3n intelectual y la coherencia racional a la hora de intervenir sobre la realidad. La historia exitosa del partido bolchevique se debe, en buena medida, a la diferenciaci\u00f3n que Lenin establece entre el plano hist\u00f3rico y el pol\u00edtico-pr\u00e1ctico, entre el largo plazo y el corto-medio plazo, entre el inter\u00e9s general y la coyuntura particular para poder establecer la actividad pol\u00edtica concreta.<\/p>\n<p>Ser\u00e1 el estudio de las pr\u00e1cticas sociales y pol\u00edticas de acuerdo con las determinaciones hist\u00f3ricas lo que dar\u00e1 cuerpo a su famosa frase de \u00aban\u00e1lisis concreto de la situaci\u00f3n concreta\u00bb que, resumidamente, puede definirse como el an\u00e1lisis de: 1) las condiciones objetivas y subjetivas de partida; 2) la din\u00e1mica del desarrollo social del capitalismo y de la lucha de clases; 3) la correlaci\u00f3n de fuerzas de clase y; 4) el marco territorial en el que se act\u00faa con su correspondiente superestructura pol\u00edtica.<\/p>\n<p>Y si esto se da en el curso de la revoluci\u00f3n de 1905 y de 1917; su pensamiento no se quedar\u00e1 acotado a la realidad de la Rusia zarista sino que se pondr\u00e1 en m\u00e1xima tensi\u00f3n con respecto a la situaci\u00f3n internacional del proletariado y las necesidades de la revoluci\u00f3n proletaria mundial (teor\u00eda del imperialismo, creaci\u00f3n de la III Internacional, posici\u00f3n frente a la guerra imperialista, defensa del derecho de autodeterminaci\u00f3n etc.) a fin de lograr la m\u00e1s amplia unidad internacionalista entre la clase obrera rusa y mundial.<\/p>\n","protected":false},"featured_media":36,"template":"","meta":[],"product_brand":[],"product_cat":[19],"product_tag":[],"class_list":{"0":"post-91","1":"product","2":"type-product","3":"status-publish","4":"has-post-thumbnail","6":"product_cat-doscuadrados","8":"first","9":"instock","10":"downloadable","11":"virtual","12":"purchasable","13":"product-type-simple"},"_links":{"self":[{"href":"https:\/\/beta.doscuadrados.es\/index.php\/wp-json\/wp\/v2\/product\/91","targetHints":{"allow":["GET"]}}],"collection":[{"href":"https:\/\/beta.doscuadrados.es\/index.php\/wp-json\/wp\/v2\/product"}],"about":[{"href":"https:\/\/beta.doscuadrados.es\/index.php\/wp-json\/wp\/v2\/types\/product"}],"wp:featuredmedia":[{"embeddable":true,"href":"https:\/\/beta.doscuadrados.es\/index.php\/wp-json\/wp\/v2\/media\/36"}],"wp:attachment":[{"href":"https:\/\/beta.doscuadrados.es\/index.php\/wp-json\/wp\/v2\/media?parent=91"}],"wp:term":[{"taxonomy":"product_brand","embeddable":true,"href":"https:\/\/beta.doscuadrados.es\/index.php\/wp-json\/wp\/v2\/product_brand?post=91"},{"taxonomy":"product_cat","embeddable":true,"href":"https:\/\/beta.doscuadrados.es\/index.php\/wp-json\/wp\/v2\/product_cat?post=91"},{"taxonomy":"product_tag","embeddable":true,"href":"https:\/\/beta.doscuadrados.es\/index.php\/wp-json\/wp\/v2\/product_tag?post=91"}],"curies":[{"name":"wp","href":"https:\/\/api.w.org\/{rel}","templated":true}]}}