{"id":93,"date":"2023-11-03T11:35:15","date_gmt":"2023-11-03T10:35:15","guid":{"rendered":"https:\/\/beta.doscuadrados.es\/?post_type=product&#038;p=93"},"modified":"2023-11-03T13:40:11","modified_gmt":"2023-11-03T12:40:11","slug":"simon-clarke-marx-marginalismo-y-sociologia-moderna","status":"publish","type":"product","link":"https:\/\/beta.doscuadrados.es\/index.php\/product\/simon-clarke-marx-marginalismo-y-sociologia-moderna\/","title":{"rendered":"Simon Clarke &#8211; Marx, marginalismo y sociolog\u00eda moderna"},"content":{"rendered":"<p><a href=\"http:\/\/beta.doscuadrados.es\/wp-content\/uploads\/2023\/11\/Clarke_Simon_Marx_marginalismo_y_sociologia_moderna_Version_Digital.pdf\">DESCARGA<\/a><\/p>\n<p>En Marx, marginalismo y sociolog\u00eda moderna (1991), el recientemente fallecido Simon Clarke ofrece una interpretaci\u00f3n novedosa y original de la cr\u00edtica de la econom\u00eda pol\u00edtica como fundamento de la econom\u00eda y sociolog\u00eda. El n\u00facleo del libro es la teor\u00eda del trabajo alienado en Marx, y las abstracciones formales y determinadas.<\/p>\n<p>Clarke deduce las cr\u00edticas a la econom\u00eda burguesa (tomando como su expresi\u00f3n m\u00e1s desarrollada y fundamentada) de forma inmanente, partiendo del propio desarrollo hist\u00f3rico de la teor\u00eda social liberal, tanto en su vertiente de la econom\u00eda pol\u00edtica como en la sociolog\u00eda moderna.<\/p>\n<p>En esta publicaci\u00f3n incluimos anexos sobre el tratamiento de la cuesti\u00f3n del Estado, con cr\u00edticas a Gramsci o Poulantzas para, de esta forma, homenajear a Simon Clarke y reivindicar el estudio de sus desarrollos te\u00f3ricos.<\/p>\n","protected":false},"excerpt":{"rendered":"<p><a href=\"http:\/\/beta.doscuadrados.es\/wp-content\/uploads\/2023\/11\/Clarke_Simon_Marx_marginalismo_y_sociologia_moderna_Version_Digital.pdf\">DESCARGA<\/a><\/p>\n<p>En Marx, marginalismo y sociolog\u00eda moderna (1991), el recientemente fallecido Simon Clarke ofrece una interpretaci\u00f3n novedosa y original de la cr\u00edtica de la econom\u00eda pol\u00edtica como fundamento de la econom\u00eda y sociolog\u00eda. El n\u00facleo del libro es la teor\u00eda del trabajo alienado en Marx, y las abstracciones formales y determinadas.<\/p>\n<p>Clarke deduce las cr\u00edticas a la econom\u00eda burguesa (tomando como su expresi\u00f3n m\u00e1s desarrollada y fundamentada) de forma inmanente, partiendo del propio desarrollo hist\u00f3rico de la teor\u00eda social liberal, tanto en su vertiente de la econom\u00eda pol\u00edtica como en la sociolog\u00eda moderna.<\/p>\n<p>En esta publicaci\u00f3n incluimos anexos sobre el tratamiento de la cuesti\u00f3n del Estado, con cr\u00edticas a Gramsci o Poulantzas para, de esta forma, homenajear a Simon Clarke y reivindicar el estudio de sus desarrollos te\u00f3ricos.<\/p>\n","protected":false},"featured_media":41,"template":"","meta":[],"product_brand":[],"product_cat":[19],"product_tag":[],"class_list":{"0":"post-93","1":"product","2":"type-product","3":"status-publish","4":"has-post-thumbnail","6":"product_cat-doscuadrados","8":"first","9":"instock","10":"downloadable","11":"virtual","12":"purchasable","13":"product-type-simple"},"_links":{"self":[{"href":"https:\/\/beta.doscuadrados.es\/index.php\/wp-json\/wp\/v2\/product\/93","targetHints":{"allow":["GET"]}}],"collection":[{"href":"https:\/\/beta.doscuadrados.es\/index.php\/wp-json\/wp\/v2\/product"}],"about":[{"href":"https:\/\/beta.doscuadrados.es\/index.php\/wp-json\/wp\/v2\/types\/product"}],"wp:featuredmedia":[{"embeddable":true,"href":"https:\/\/beta.doscuadrados.es\/index.php\/wp-json\/wp\/v2\/media\/41"}],"wp:attachment":[{"href":"https:\/\/beta.doscuadrados.es\/index.php\/wp-json\/wp\/v2\/media?parent=93"}],"wp:term":[{"taxonomy":"product_brand","embeddable":true,"href":"https:\/\/beta.doscuadrados.es\/index.php\/wp-json\/wp\/v2\/product_brand?post=93"},{"taxonomy":"product_cat","embeddable":true,"href":"https:\/\/beta.doscuadrados.es\/index.php\/wp-json\/wp\/v2\/product_cat?post=93"},{"taxonomy":"product_tag","embeddable":true,"href":"https:\/\/beta.doscuadrados.es\/index.php\/wp-json\/wp\/v2\/product_tag?post=93"}],"curies":[{"name":"wp","href":"https:\/\/api.w.org\/{rel}","templated":true}]}}