{"id":98,"date":"2023-11-03T11:38:03","date_gmt":"2023-11-03T10:38:03","guid":{"rendered":"https:\/\/beta.doscuadrados.es\/?post_type=product&#038;p=98"},"modified":"2023-11-03T13:36:41","modified_gmt":"2023-11-03T12:36:41","slug":"gillian-rose-hegel-contra-la-sociologia","status":"publish","type":"product","link":"https:\/\/beta.doscuadrados.es\/index.php\/product\/gillian-rose-hegel-contra-la-sociologia\/","title":{"rendered":"Gillian Rose &#8211; Hegel contra la sociolog\u00eda"},"content":{"rendered":"<p><a href=\"http:\/\/beta.doscuadrados.es\/wp-content\/uploads\/2023\/11\/Rose-G.-Hegel-contra-la-sociologia-Version-Digital.pdf\">DESCARGA<\/a><\/p>\n<p>Gillian Rose [de soltera Stone], fil\u00f3sofa, nace el 20 de septiembre de 1947 en la Avenue Road Clinic, Hampstead, Londres. Hija mayor de Evelyn (Lynn) Preveser y Leslie David Stone, ambos jud\u00edos, a los 16 a\u00f1os adoptar\u00e1 el apellido de su padrastro (Irving Rose) tras el divorcio de sus padres.<\/p>\n<p>Tras su educaci\u00f3n en la escuela gram\u00e1tica de Ealing, sus estudios en filosof\u00eda, pol\u00edtica y econom\u00eda durante 1966 en el St Hilda\u2019s College de Oxford, cursar estudios en Nueva York y Berl\u00edn Occidental, y realizar su doctorado en el St Antony\u2019s College de Oxford sobre Theodor Wiesengrund Adorno (cuya tesis ser\u00eda adaptada para su publicaci\u00f3n en 1978 con el t\u00edtulo The Melancholy Science), siendo ya profesora de sociolog\u00eda en la Universidad de Sussex Rose publica en 1981 Hegel Contra Sociology. Considerada una contundente defensa del pensamiento especulativo de Hegel frente al neo\u2013kantianismo que impregna a la sociolog\u00eda desde sus or\u00edgenes, de Weber hasta Durkheim, seg\u00fan Howard Caygill, editor de Rose, la obra \u201cproporciona un relato exhaustivo de la filosof\u00eda especulativa de Hegel, superando la distinci\u00f3n entre interpretaciones religiosas (hegelianas de derecha) y pol\u00edticas (hegelianas de izquierda) prevaleciente desde la muerte del fil\u00f3sofo en 1832\u201d, logrando a su vez la reintroducci\u00f3n de los temas religiosos en la cultura dogm\u00e1ticamente secular del marxismo occidental. En esta edici\u00f3n incorporamos a dicha obra una carta a London Review of Books, en diciembre del mismo a\u00f1o, donde Rose se defiende de las cr\u00edticas de Geoffrey Hawthorn sobre dicha obra.<\/p>\n<p>Comenzando su carrera docente en Sussex, Rose ocupar\u00eda desde 1989 hasta su muerte la c\u00e1tedra de pensamiento social y pol\u00edtico en la Universidad de Warwick. Entre sus escritos destacan adem\u00e1s La ciencia melanc\u00f3lica, Dial\u00e9ctica del nihilismo, El medio roto, El duelo se convierte en ley y Paradiso.<\/p>\n<p>El trabajo de Gillian Rose en la tradici\u00f3n de la filosof\u00eda continental, su defensa de la teolog\u00eda pol\u00edtica hegeliana y su reivindicaci\u00f3n del pensamiento especulativo siguen hoy muy vivos, provocando el debate entre fil\u00f3sofas, te\u00f3logas y te\u00f3ricas sociales. Sorprendentemente desconocida hasta ahora en castellano, Gillian Rose es una de las fil\u00f3sofas m\u00e1s brillantes de los \u00faltimos tiempos.<\/p>\n","protected":false},"excerpt":{"rendered":"<p><a href=\"http:\/\/beta.doscuadrados.es\/wp-content\/uploads\/2023\/11\/Rose-G.-Hegel-contra-la-sociologia-Version-Digital.pdf\">DESCARGA<\/a><\/p>\n<p>Gillian Rose [de soltera Stone], fil\u00f3sofa, nace el 20 de septiembre de 1947 en la Avenue Road Clinic, Hampstead, Londres. Hija mayor de Evelyn (Lynn) Preveser y Leslie David Stone, ambos jud\u00edos, a los 16 a\u00f1os adoptar\u00e1 el apellido de su padrastro (Irving Rose) tras el divorcio de sus padres.<\/p>\n<p>Tras su educaci\u00f3n en la escuela gram\u00e1tica de Ealing, sus estudios en filosof\u00eda, pol\u00edtica y econom\u00eda durante 1966 en el St Hilda\u2019s College de Oxford, cursar estudios en Nueva York y Berl\u00edn Occidental, y realizar su doctorado en el St Antony\u2019s College de Oxford sobre Theodor Wiesengrund Adorno (cuya tesis ser\u00eda adaptada para su publicaci\u00f3n en 1978 con el t\u00edtulo The Melancholy Science), siendo ya profesora de sociolog\u00eda en la Universidad de Sussex Rose publica en 1981 Hegel Contra Sociology. Considerada una contundente defensa del pensamiento especulativo de Hegel frente al neo\u2013kantianismo que impregna a la sociolog\u00eda desde sus or\u00edgenes, de Weber hasta Durkheim, seg\u00fan Howard Caygill, editor de Rose, la obra \u201cproporciona un relato exhaustivo de la filosof\u00eda especulativa de Hegel, superando la distinci\u00f3n entre interpretaciones religiosas (hegelianas de derecha) y pol\u00edticas (hegelianas de izquierda) prevaleciente desde la muerte del fil\u00f3sofo en 1832\u201d, logrando a su vez la reintroducci\u00f3n de los temas religiosos en la cultura dogm\u00e1ticamente secular del marxismo occidental. En esta edici\u00f3n incorporamos a dicha obra una carta a London Review of Books, en diciembre del mismo a\u00f1o, donde Rose se defiende de las cr\u00edticas de Geoffrey Hawthorn sobre dicha obra.<\/p>\n<p>Comenzando su carrera docente en Sussex, Rose ocupar\u00eda desde 1989 hasta su muerte la c\u00e1tedra de pensamiento social y pol\u00edtico en la Universidad de Warwick. Entre sus escritos destacan adem\u00e1s La ciencia melanc\u00f3lica, Dial\u00e9ctica del nihilismo, El medio roto, El duelo se convierte en ley y Paradiso.<\/p>\n<p>El trabajo de Gillian Rose en la tradici\u00f3n de la filosof\u00eda continental, su defensa de la teolog\u00eda pol\u00edtica hegeliana y su reivindicaci\u00f3n del pensamiento especulativo siguen hoy muy vivos, provocando el debate entre fil\u00f3sofas, te\u00f3logas y te\u00f3ricas sociales. Sorprendentemente desconocida hasta ahora en castellano, Gillian Rose es una de las fil\u00f3sofas m\u00e1s brillantes de los \u00faltimos tiempos.<\/p>\n","protected":false},"featured_media":52,"template":"","meta":[],"product_brand":[],"product_cat":[19],"product_tag":[],"class_list":{"0":"post-98","1":"product","2":"type-product","3":"status-publish","4":"has-post-thumbnail","6":"product_cat-doscuadrados","8":"first","9":"instock","10":"downloadable","11":"virtual","12":"purchasable","13":"product-type-simple"},"_links":{"self":[{"href":"https:\/\/beta.doscuadrados.es\/index.php\/wp-json\/wp\/v2\/product\/98","targetHints":{"allow":["GET"]}}],"collection":[{"href":"https:\/\/beta.doscuadrados.es\/index.php\/wp-json\/wp\/v2\/product"}],"about":[{"href":"https:\/\/beta.doscuadrados.es\/index.php\/wp-json\/wp\/v2\/types\/product"}],"wp:featuredmedia":[{"embeddable":true,"href":"https:\/\/beta.doscuadrados.es\/index.php\/wp-json\/wp\/v2\/media\/52"}],"wp:attachment":[{"href":"https:\/\/beta.doscuadrados.es\/index.php\/wp-json\/wp\/v2\/media?parent=98"}],"wp:term":[{"taxonomy":"product_brand","embeddable":true,"href":"https:\/\/beta.doscuadrados.es\/index.php\/wp-json\/wp\/v2\/product_brand?post=98"},{"taxonomy":"product_cat","embeddable":true,"href":"https:\/\/beta.doscuadrados.es\/index.php\/wp-json\/wp\/v2\/product_cat?post=98"},{"taxonomy":"product_tag","embeddable":true,"href":"https:\/\/beta.doscuadrados.es\/index.php\/wp-json\/wp\/v2\/product_tag?post=98"}],"curies":[{"name":"wp","href":"https:\/\/api.w.org\/{rel}","templated":true}]}}