{"id":99,"date":"2023-11-03T11:40:09","date_gmt":"2023-11-03T10:40:09","guid":{"rendered":"https:\/\/beta.doscuadrados.es\/?post_type=product&#038;p=99"},"modified":"2023-11-03T13:35:09","modified_gmt":"2023-11-03T12:35:09","slug":"historia-del-marxismo-vol-i-el-marxismo-en-tiempos-de-marx","status":"publish","type":"product","link":"https:\/\/beta.doscuadrados.es\/index.php\/product\/historia-del-marxismo-vol-i-el-marxismo-en-tiempos-de-marx\/","title":{"rendered":"Historia del marxismo, Vol I. &#8211; El marxismo en tiempos de Marx"},"content":{"rendered":"<p><a href=\"http:\/\/beta.doscuadrados.es\/wp-content\/uploads\/2023\/11\/El-marxismo-en-tiempos-de-Marx-Historia-del-Marxismo-Vol-I-Versi\u251c\u2502n-Digital.pdf\">DESCARGA<\/a><\/p>\n<p>HISTORIA DEL MARXISMO es una colecci\u00f3n de 12 libros en la que se aborda de manera rigurosa y detallada el desarrollo del pensamiento marxista y sus diferentes corrientes. En su elaboraci\u00f3n participaron Eric J. Hosbawm, George Haupt, Franz Marek, Ernesto Ragioneri, Vittorio Strada y Corrado Vivanti, con la colaboraci\u00f3n de m\u00e1s te\u00f3ricos y acad\u00e9micos vinculados al marxismo.<br \/>\nEste primer volumen, \u00abEl marxismo en tiempos de Marx y Engels I\u00bb trata sobre la historia del desarrollo de las fuentes integrantes del marxismo.<\/p>\n<p>El primer art\u00edculo de Hobsbawm trata las fuentes del marxismo (filosof\u00eda alemana, econom\u00eda pol\u00edtica inglesa, socialismo ut\u00f3pico franc\u00e9s), en el segundo Mc Lellan hablar\u00e1 del desarrollo de la concepci\u00f3n materialista de la historia, en el tercero Vilar dar\u00e1 una perspectiva hist\u00f3rica de la formaci\u00f3n del comunismo en Marx, en el cuarto Dobb trata los problemas de la cr\u00edtica de la econom\u00eda pol\u00edtica y el valor, y por \u00faltimo Meszaros trazar\u00e1 un esbozo sobre la relaci\u00f3n entre Marx y Hegel.<\/p>\n","protected":false},"excerpt":{"rendered":"<p><a href=\"http:\/\/beta.doscuadrados.es\/wp-content\/uploads\/2023\/11\/El-marxismo-en-tiempos-de-Marx-Historia-del-Marxismo-Vol-I-Versi\u251c\u2502n-Digital.pdf\">DESCARGA<\/a><\/p>\n<p>HISTORIA DEL MARXISMO es una colecci\u00f3n de 12 libros en la que se aborda de manera rigurosa y detallada el desarrollo del pensamiento marxista y sus diferentes corrientes. En su elaboraci\u00f3n participaron Eric J. Hosbawm, George Haupt, Franz Marek, Ernesto Ragioneri, Vittorio Strada y Corrado Vivanti, con la colaboraci\u00f3n de m\u00e1s te\u00f3ricos y acad\u00e9micos vinculados al marxismo.<br \/>\nEste primer volumen, \u00abEl marxismo en tiempos de Marx y Engels I\u00bb trata sobre la historia del desarrollo de las fuentes integrantes del marxismo.<\/p>\n<p>El primer art\u00edculo de Hobsbawm trata las fuentes del marxismo (filosof\u00eda alemana, econom\u00eda pol\u00edtica inglesa, socialismo ut\u00f3pico franc\u00e9s), en el segundo Mc Lellan hablar\u00e1 del desarrollo de la concepci\u00f3n materialista de la historia, en el tercero Vilar dar\u00e1 una perspectiva hist\u00f3rica de la formaci\u00f3n del comunismo en Marx, en el cuarto Dobb trata los problemas de la cr\u00edtica de la econom\u00eda pol\u00edtica y el valor, y por \u00faltimo Meszaros trazar\u00e1 un esbozo sobre la relaci\u00f3n entre Marx y Hegel.<\/p>\n","protected":false},"featured_media":48,"template":"","meta":[],"product_brand":[],"product_cat":[19],"product_tag":[],"class_list":{"0":"post-99","1":"product","2":"type-product","3":"status-publish","4":"has-post-thumbnail","6":"product_cat-doscuadrados","8":"first","9":"instock","10":"downloadable","11":"virtual","12":"purchasable","13":"product-type-simple"},"_links":{"self":[{"href":"https:\/\/beta.doscuadrados.es\/index.php\/wp-json\/wp\/v2\/product\/99","targetHints":{"allow":["GET"]}}],"collection":[{"href":"https:\/\/beta.doscuadrados.es\/index.php\/wp-json\/wp\/v2\/product"}],"about":[{"href":"https:\/\/beta.doscuadrados.es\/index.php\/wp-json\/wp\/v2\/types\/product"}],"wp:featuredmedia":[{"embeddable":true,"href":"https:\/\/beta.doscuadrados.es\/index.php\/wp-json\/wp\/v2\/media\/48"}],"wp:attachment":[{"href":"https:\/\/beta.doscuadrados.es\/index.php\/wp-json\/wp\/v2\/media?parent=99"}],"wp:term":[{"taxonomy":"product_brand","embeddable":true,"href":"https:\/\/beta.doscuadrados.es\/index.php\/wp-json\/wp\/v2\/product_brand?post=99"},{"taxonomy":"product_cat","embeddable":true,"href":"https:\/\/beta.doscuadrados.es\/index.php\/wp-json\/wp\/v2\/product_cat?post=99"},{"taxonomy":"product_tag","embeddable":true,"href":"https:\/\/beta.doscuadrados.es\/index.php\/wp-json\/wp\/v2\/product_tag?post=99"}],"curies":[{"name":"wp","href":"https:\/\/api.w.org\/{rel}","templated":true}]}}